{"id":996,"date":"2023-08-02T11:04:06","date_gmt":"2023-08-02T09:04:06","guid":{"rendered":"https:\/\/theteahousestore.com\/?post_type=product&#038;p=996"},"modified":"2024-01-20T21:41:53","modified_gmt":"2024-01-20T20:41:53","slug":"bandeja-de-te-de-fortuna","status":"publish","type":"product","link":"https:\/\/theteahousestore.com\/index.php\/product\/bandeja-de-te-de-fortuna\/","title":{"rendered":"BANDEJA DE TE DE FORTUNA \u798f\u97f5\u76db\u6c34\u8336\u76d8"},"content":{"rendered":"<p>en chino es una bandeja especial utilizada en la ceremonia del t\u00e9 para servir y contener el agua utilizada en el proceso de preparaci\u00f3n del t\u00e9. Esta bandeja es una pieza importante y significativa en la cultura del t\u00e9 y se considera un elemento esencial para una experiencia de t\u00e9 aut\u00e9ntica y elegante.<\/p>\n","protected":false},"excerpt":{"rendered":"<p>en chino es una bandeja especial utilizada en la ceremonia del t\u00e9 para servir y contener el agua utilizada en el proceso de preparaci\u00f3n del t\u00e9. Esta bandeja es una pieza importante y significativa en la cultura del t\u00e9 y se considera un elemento esencial para una experiencia de t\u00e9 aut\u00e9ntica y elegante.<\/p>\n","protected":false},"featured_media":997,"comment_status":"open","ping_status":"closed","template":"","meta":[],"product_brand":[],"product_cat":[45,63],"product_tag":[53],"class_list":{"0":"post-996","1":"product","2":"type-product","3":"status-publish","4":"has-post-thumbnail","6":"product_cat-ceremonia-de-te","7":"product_cat-utensilios-para-te","8":"product_tag-ceremonia-de-te","10":"first","11":"instock","12":"shipping-taxable","13":"purchasable","14":"product-type-simple"},"jetpack_sharing_enabled":true,"_links":{"self":[{"href":"https:\/\/theteahousestore.com\/index.php\/wp-json\/wp\/v2\/product\/996","targetHints":{"allow":["GET"]}}],"collection":[{"href":"https:\/\/theteahousestore.com\/index.php\/wp-json\/wp\/v2\/product"}],"about":[{"href":"https:\/\/theteahousestore.com\/index.php\/wp-json\/wp\/v2\/types\/product"}],"replies":[{"embeddable":true,"href":"https:\/\/theteahousestore.com\/index.php\/wp-json\/wp\/v2\/comments?post=996"}],"wp:featuredmedia":[{"embeddable":true,"href":"https:\/\/theteahousestore.com\/index.php\/wp-json\/wp\/v2\/media\/997"}],"wp:attachment":[{"href":"https:\/\/theteahousestore.com\/index.php\/wp-json\/wp\/v2\/media?parent=996"}],"wp:term":[{"taxonomy":"product_brand","embeddable":true,"href":"https:\/\/theteahousestore.com\/index.php\/wp-json\/wp\/v2\/product_brand?post=996"},{"taxonomy":"product_cat","embeddable":true,"href":"https:\/\/theteahousestore.com\/index.php\/wp-json\/wp\/v2\/product_cat?post=996"},{"taxonomy":"product_tag","embeddable":true,"href":"https:\/\/theteahousestore.com\/index.php\/wp-json\/wp\/v2\/product_tag?post=996"}],"curies":[{"name":"wp","href":"https:\/\/api.w.org\/{rel}","templated":true}]}}