{"id":994,"date":"2023-08-01T19:33:38","date_gmt":"2023-08-01T17:33:38","guid":{"rendered":"https:\/\/theteahousestore.com\/?post_type=product&#038;p=994"},"modified":"2023-08-02T10:23:30","modified_gmt":"2023-08-02T08:23:30","slug":"tetera-para-calentadores-electricos-de-ceramica","status":"publish","type":"product","link":"https:\/\/theteahousestore.com\/index.php\/product\/tetera-para-calentadores-electricos-de-ceramica\/","title":{"rendered":"TETERA PARA CALENTADORES EL\u00c9CTRICOS DE CER\u00c1MICA \u7535\u9676\u7089\u4e13\u7528\u58f6"},"content":{"rendered":"<p>en chino es una tetera especialmente dise\u00f1ada para ser utilizada con calentadores el\u00e9ctricos de cer\u00e1mica. Esta tetera est\u00e1 hecha de materiales que permiten su uso seguro y eficiente en los calentadores de cer\u00e1mica, y su dise\u00f1o est\u00e1 adaptado para encajar y calentar de manera \u00f3ptima en estos dispositivos.<\/p>\n","protected":false},"excerpt":{"rendered":"<p>en chino es una tetera especialmente dise\u00f1ada para ser utilizada con calentadores el\u00e9ctricos de cer\u00e1mica. Esta tetera est\u00e1 hecha de materiales que permiten su uso seguro y eficiente en los calentadores de cer\u00e1mica, y su dise\u00f1o est\u00e1 adaptado para encajar y calentar de manera \u00f3ptima en estos dispositivos.<\/p>\n","protected":false},"featured_media":995,"comment_status":"open","ping_status":"closed","template":"","meta":[],"product_brand":[],"product_cat":[45,47],"product_tag":[53,52],"class_list":{"0":"post-994","1":"product","2":"type-product","3":"status-publish","4":"has-post-thumbnail","6":"product_cat-ceremonia-de-te","7":"product_cat-tetera","8":"product_tag-ceremonia-de-te","9":"product_tag-tetera","11":"first","12":"instock","13":"shipping-taxable","14":"purchasable","15":"product-type-simple"},"jetpack_sharing_enabled":true,"_links":{"self":[{"href":"https:\/\/theteahousestore.com\/index.php\/wp-json\/wp\/v2\/product\/994","targetHints":{"allow":["GET"]}}],"collection":[{"href":"https:\/\/theteahousestore.com\/index.php\/wp-json\/wp\/v2\/product"}],"about":[{"href":"https:\/\/theteahousestore.com\/index.php\/wp-json\/wp\/v2\/types\/product"}],"replies":[{"embeddable":true,"href":"https:\/\/theteahousestore.com\/index.php\/wp-json\/wp\/v2\/comments?post=994"}],"wp:featuredmedia":[{"embeddable":true,"href":"https:\/\/theteahousestore.com\/index.php\/wp-json\/wp\/v2\/media\/995"}],"wp:attachment":[{"href":"https:\/\/theteahousestore.com\/index.php\/wp-json\/wp\/v2\/media?parent=994"}],"wp:term":[{"taxonomy":"product_brand","embeddable":true,"href":"https:\/\/theteahousestore.com\/index.php\/wp-json\/wp\/v2\/product_brand?post=994"},{"taxonomy":"product_cat","embeddable":true,"href":"https:\/\/theteahousestore.com\/index.php\/wp-json\/wp\/v2\/product_cat?post=994"},{"taxonomy":"product_tag","embeddable":true,"href":"https:\/\/theteahousestore.com\/index.php\/wp-json\/wp\/v2\/product_tag?post=994"}],"curies":[{"name":"wp","href":"https:\/\/api.w.org\/{rel}","templated":true}]}}