{"id":993,"date":"2023-08-01T20:59:56","date_gmt":"2023-08-01T18:59:56","guid":{"rendered":"https:\/\/theteahousestore.com\/?post_type=product&#038;p=993"},"modified":"2023-08-07T11:31:26","modified_gmt":"2023-08-07T09:31:26","slug":"calentadores-electricos-de-ceramica-cuadradas","status":"publish","type":"product","link":"https:\/\/theteahousestore.com\/index.php\/product\/calentadores-electricos-de-ceramica-cuadradas\/","title":{"rendered":"CALENTADORES EL\u00c9CTRICOS DE CER\u00c1MICA CUADRADAS \u65b9\u5f62\u7535\u9676\u7089"},"content":{"rendered":"<p>en chino son aparatos de calefacci\u00f3n el\u00e9ctrica que utilizan resistencias de cer\u00e1mica para calentar el aire y proporcionar calor en un ambiente cerrado. Estos calentadores tienen una forma cuadrada o rectangular, lo que los hace ideales para ubicarlos en esquinas o rincones de espacios reducidos.<\/p>\n","protected":false},"excerpt":{"rendered":"<p>en chino son aparatos de calefacci\u00f3n el\u00e9ctrica que utilizan resistencias de cer\u00e1mica para calentar el aire y proporcionar calor en un ambiente cerrado. Estos calentadores tienen una forma cuadrada o rectangular, lo que los hace ideales para ubicarlos en esquinas o rincones de espacios reducidos.<\/p>\n","protected":false},"featured_media":992,"comment_status":"open","ping_status":"closed","template":"","meta":[],"product_brand":[],"product_cat":[45,63],"product_tag":[53],"class_list":{"0":"post-993","1":"product","2":"type-product","3":"status-publish","4":"has-post-thumbnail","6":"product_cat-ceremonia-de-te","7":"product_cat-utensilios-para-te","8":"product_tag-ceremonia-de-te","10":"first","11":"instock","12":"shipping-taxable","13":"purchasable","14":"product-type-simple"},"jetpack_sharing_enabled":true,"_links":{"self":[{"href":"https:\/\/theteahousestore.com\/index.php\/wp-json\/wp\/v2\/product\/993","targetHints":{"allow":["GET"]}}],"collection":[{"href":"https:\/\/theteahousestore.com\/index.php\/wp-json\/wp\/v2\/product"}],"about":[{"href":"https:\/\/theteahousestore.com\/index.php\/wp-json\/wp\/v2\/types\/product"}],"replies":[{"embeddable":true,"href":"https:\/\/theteahousestore.com\/index.php\/wp-json\/wp\/v2\/comments?post=993"}],"wp:featuredmedia":[{"embeddable":true,"href":"https:\/\/theteahousestore.com\/index.php\/wp-json\/wp\/v2\/media\/992"}],"wp:attachment":[{"href":"https:\/\/theteahousestore.com\/index.php\/wp-json\/wp\/v2\/media?parent=993"}],"wp:term":[{"taxonomy":"product_brand","embeddable":true,"href":"https:\/\/theteahousestore.com\/index.php\/wp-json\/wp\/v2\/product_brand?post=993"},{"taxonomy":"product_cat","embeddable":true,"href":"https:\/\/theteahousestore.com\/index.php\/wp-json\/wp\/v2\/product_cat?post=993"},{"taxonomy":"product_tag","embeddable":true,"href":"https:\/\/theteahousestore.com\/index.php\/wp-json\/wp\/v2\/product_tag?post=993"}],"curies":[{"name":"wp","href":"https:\/\/api.w.org\/{rel}","templated":true}]}}