{"id":987,"date":"2023-08-01T16:20:11","date_gmt":"2023-08-01T14:20:11","guid":{"rendered":"https:\/\/theteahousestore.com\/?post_type=product&#038;p=987"},"modified":"2023-08-07T11:34:07","modified_gmt":"2023-08-07T09:34:07","slug":"calentadores-electricos-de-ceramica-redondas","status":"publish","type":"product","link":"https:\/\/theteahousestore.com\/index.php\/product\/calentadores-electricos-de-ceramica-redondas\/","title":{"rendered":"CALENTADORES EL\u00c9CTRICOS DE CER\u00c1MICA REDONDAS \u5706\u5f62\u7535\u9676\u7089"},"content":{"rendered":"<p>en chino son aparatos de calefacci\u00f3n el\u00e9ctrica que utilizan resistencias de cer\u00e1mica para calentar el aire y proporcionar calor en un ambiente cerrado. Estos calentadores son muy comunes y populares en hogares, oficinas y otros espacios peque\u00f1os donde se necesita calentamiento adicional durante los meses fr\u00edos.<\/p>\n","protected":false},"excerpt":{"rendered":"<p>en chino son aparatos de calefacci\u00f3n el\u00e9ctrica que utilizan resistencias de cer\u00e1mica para calentar el aire y proporcionar calor en un ambiente cerrado. Estos calentadores son muy comunes y populares en hogares, oficinas y otros espacios peque\u00f1os donde se necesita calentamiento adicional durante los meses fr\u00edos.<\/p>\n","protected":false},"featured_media":991,"comment_status":"open","ping_status":"closed","template":"","meta":[],"product_brand":[],"product_cat":[45,63],"product_tag":[53],"class_list":{"0":"post-987","1":"product","2":"type-product","3":"status-publish","4":"has-post-thumbnail","6":"product_cat-ceremonia-de-te","7":"product_cat-utensilios-para-te","8":"product_tag-ceremonia-de-te","10":"first","11":"instock","12":"shipping-taxable","13":"purchasable","14":"product-type-simple"},"jetpack_sharing_enabled":true,"_links":{"self":[{"href":"https:\/\/theteahousestore.com\/index.php\/wp-json\/wp\/v2\/product\/987","targetHints":{"allow":["GET"]}}],"collection":[{"href":"https:\/\/theteahousestore.com\/index.php\/wp-json\/wp\/v2\/product"}],"about":[{"href":"https:\/\/theteahousestore.com\/index.php\/wp-json\/wp\/v2\/types\/product"}],"replies":[{"embeddable":true,"href":"https:\/\/theteahousestore.com\/index.php\/wp-json\/wp\/v2\/comments?post=987"}],"wp:featuredmedia":[{"embeddable":true,"href":"https:\/\/theteahousestore.com\/index.php\/wp-json\/wp\/v2\/media\/991"}],"wp:attachment":[{"href":"https:\/\/theteahousestore.com\/index.php\/wp-json\/wp\/v2\/media?parent=987"}],"wp:term":[{"taxonomy":"product_brand","embeddable":true,"href":"https:\/\/theteahousestore.com\/index.php\/wp-json\/wp\/v2\/product_brand?post=987"},{"taxonomy":"product_cat","embeddable":true,"href":"https:\/\/theteahousestore.com\/index.php\/wp-json\/wp\/v2\/product_cat?post=987"},{"taxonomy":"product_tag","embeddable":true,"href":"https:\/\/theteahousestore.com\/index.php\/wp-json\/wp\/v2\/product_tag?post=987"}],"curies":[{"name":"wp","href":"https:\/\/api.w.org\/{rel}","templated":true}]}}