{"id":984,"date":"2023-08-01T19:33:13","date_gmt":"2023-08-01T17:33:13","guid":{"rendered":"https:\/\/theteahousestore.com\/?post_type=product&#038;p=984"},"modified":"2023-08-07T11:33:21","modified_gmt":"2023-08-07T09:33:21","slug":"hervidor-electrico-m-s5","status":"publish","type":"product","link":"https:\/\/theteahousestore.com\/index.php\/product\/hervidor-electrico-m-s5\/","title":{"rendered":"HERVIDOR EL\u00c9CTRICO M.S5 S5\u5feb\u901f\u7535\u70ed\u6c34\u58f6"},"content":{"rendered":"<p>El hervidor el\u00e9ctrico M.S5 es una opci\u00f3n pr\u00e1ctica y conveniente para calentar agua r\u00e1pidamente en el hogar o en el lugar de trabajo. Su dise\u00f1o eficiente y seguro lo convierte en una herramienta esencial para cualquier amante del t\u00e9, caf\u00e9 u otras bebidas que requieran agua caliente.<\/p>\n","protected":false},"excerpt":{"rendered":"<p>El hervidor el\u00e9ctrico M.S5 es una opci\u00f3n pr\u00e1ctica y conveniente para calentar agua r\u00e1pidamente en el hogar o en el lugar de trabajo. Su dise\u00f1o eficiente y seguro lo convierte en una herramienta esencial para cualquier amante del t\u00e9, caf\u00e9 u otras bebidas que requieran agua caliente.<\/p>\n","protected":false},"featured_media":985,"comment_status":"open","ping_status":"closed","template":"","meta":[],"product_brand":[],"product_cat":[45,63],"product_tag":[53,54],"class_list":{"0":"post-984","1":"product","2":"type-product","3":"status-publish","4":"has-post-thumbnail","6":"product_cat-ceremonia-de-te","7":"product_cat-utensilios-para-te","8":"product_tag-ceremonia-de-te","9":"product_tag-juego-de-te","11":"first","12":"instock","13":"shipping-taxable","14":"purchasable","15":"product-type-simple"},"jetpack_sharing_enabled":true,"_links":{"self":[{"href":"https:\/\/theteahousestore.com\/index.php\/wp-json\/wp\/v2\/product\/984","targetHints":{"allow":["GET"]}}],"collection":[{"href":"https:\/\/theteahousestore.com\/index.php\/wp-json\/wp\/v2\/product"}],"about":[{"href":"https:\/\/theteahousestore.com\/index.php\/wp-json\/wp\/v2\/types\/product"}],"replies":[{"embeddable":true,"href":"https:\/\/theteahousestore.com\/index.php\/wp-json\/wp\/v2\/comments?post=984"}],"wp:featuredmedia":[{"embeddable":true,"href":"https:\/\/theteahousestore.com\/index.php\/wp-json\/wp\/v2\/media\/985"}],"wp:attachment":[{"href":"https:\/\/theteahousestore.com\/index.php\/wp-json\/wp\/v2\/media?parent=984"}],"wp:term":[{"taxonomy":"product_brand","embeddable":true,"href":"https:\/\/theteahousestore.com\/index.php\/wp-json\/wp\/v2\/product_brand?post=984"},{"taxonomy":"product_cat","embeddable":true,"href":"https:\/\/theteahousestore.com\/index.php\/wp-json\/wp\/v2\/product_cat?post=984"},{"taxonomy":"product_tag","embeddable":true,"href":"https:\/\/theteahousestore.com\/index.php\/wp-json\/wp\/v2\/product_tag?post=984"}],"curies":[{"name":"wp","href":"https:\/\/api.w.org\/{rel}","templated":true}]}}