{"id":980,"date":"2023-08-01T18:39:45","date_gmt":"2023-08-01T16:39:45","guid":{"rendered":"https:\/\/theteahousestore.com\/?post_type=product&#038;p=980"},"modified":"2023-08-07T12:33:05","modified_gmt":"2023-08-07T10:33:05","slug":"vaso-de-te-sin-filtro-cristal-redondas-pequeno","status":"publish","type":"product","link":"https:\/\/theteahousestore.com\/index.php\/product\/vaso-de-te-sin-filtro-cristal-redondas-pequeno\/","title":{"rendered":"VASO DE T\u00c9 SIN FILTRO CRISTAL REDONDAS PEQUE\u00d1O \u673a\u5236\u516c\u676f\u5c0f"},"content":{"rendered":"<p>Este tipo de vaso de t\u00e9 es una opci\u00f3n popular para aquellos que prefieren apreciar visualmente el proceso de preparaci\u00f3n del t\u00e9 y disfrutar del sabor aut\u00e9ntico del t\u00e9 sin restricciones de filtro.<\/p>\n","protected":false},"excerpt":{"rendered":"<p>Este tipo de vaso de t\u00e9 es una opci\u00f3n popular para aquellos que prefieren apreciar visualmente el proceso de preparaci\u00f3n del t\u00e9 y disfrutar del sabor aut\u00e9ntico del t\u00e9 sin restricciones de filtro.<\/p>\n","protected":false},"featured_media":928,"comment_status":"open","ping_status":"closed","template":"","meta":[],"product_brand":[],"product_cat":[45,47],"product_tag":[53,54],"class_list":{"0":"post-980","1":"product","2":"type-product","3":"status-publish","4":"has-post-thumbnail","6":"product_cat-ceremonia-de-te","7":"product_cat-tetera","8":"product_tag-ceremonia-de-te","9":"product_tag-juego-de-te","11":"first","12":"instock","13":"shipping-taxable","14":"purchasable","15":"product-type-simple"},"jetpack_sharing_enabled":true,"_links":{"self":[{"href":"https:\/\/theteahousestore.com\/index.php\/wp-json\/wp\/v2\/product\/980","targetHints":{"allow":["GET"]}}],"collection":[{"href":"https:\/\/theteahousestore.com\/index.php\/wp-json\/wp\/v2\/product"}],"about":[{"href":"https:\/\/theteahousestore.com\/index.php\/wp-json\/wp\/v2\/types\/product"}],"replies":[{"embeddable":true,"href":"https:\/\/theteahousestore.com\/index.php\/wp-json\/wp\/v2\/comments?post=980"}],"wp:featuredmedia":[{"embeddable":true,"href":"https:\/\/theteahousestore.com\/index.php\/wp-json\/wp\/v2\/media\/928"}],"wp:attachment":[{"href":"https:\/\/theteahousestore.com\/index.php\/wp-json\/wp\/v2\/media?parent=980"}],"wp:term":[{"taxonomy":"product_brand","embeddable":true,"href":"https:\/\/theteahousestore.com\/index.php\/wp-json\/wp\/v2\/product_brand?post=980"},{"taxonomy":"product_cat","embeddable":true,"href":"https:\/\/theteahousestore.com\/index.php\/wp-json\/wp\/v2\/product_cat?post=980"},{"taxonomy":"product_tag","embeddable":true,"href":"https:\/\/theteahousestore.com\/index.php\/wp-json\/wp\/v2\/product_tag?post=980"}],"curies":[{"name":"wp","href":"https:\/\/api.w.org\/{rel}","templated":true}]}}