{"id":978,"date":"2023-08-01T17:45:57","date_gmt":"2023-08-01T15:45:57","guid":{"rendered":"https:\/\/theteahousestore.com\/?post_type=product&#038;p=978"},"modified":"2023-08-07T12:32:45","modified_gmt":"2023-08-07T10:32:45","slug":"vaso-de-te-sin-filtro-cristal-pequeno","status":"publish","type":"product","link":"https:\/\/theteahousestore.com\/index.php\/product\/vaso-de-te-sin-filtro-cristal-pequeno\/","title":{"rendered":"VASO DE T\u00c9 SIN FILTRO CRISTAL PEQUE\u00d1O \u73bb\u7483\u5c0f\u516c\u676f"},"content":{"rendered":"<p>en chino es un tipo de vaso o taza de t\u00e9 que est\u00e1 hecho de cristal transparente y tiene un tama\u00f1o peque\u00f1o. Esta taza de t\u00e9 sin filtro est\u00e1 dise\u00f1ada para disfrutar de t\u00e9 directamente, sin necesidad de utilizar un colador o infusor para las hojas de t\u00e9.<\/p>\n","protected":false},"excerpt":{"rendered":"<p>en chino es un tipo de vaso o taza de t\u00e9 que est\u00e1 hecho de cristal transparente y tiene un tama\u00f1o peque\u00f1o. Esta taza de t\u00e9 sin filtro est\u00e1 dise\u00f1ada para disfrutar de t\u00e9 directamente, sin necesidad de utilizar un colador o infusor para las hojas de t\u00e9.<\/p>\n","protected":false},"featured_media":935,"comment_status":"open","ping_status":"closed","template":"","meta":[],"product_brand":[],"product_cat":[45,47],"product_tag":[53,54],"class_list":{"0":"post-978","1":"product","2":"type-product","3":"status-publish","4":"has-post-thumbnail","6":"product_cat-ceremonia-de-te","7":"product_cat-tetera","8":"product_tag-ceremonia-de-te","9":"product_tag-juego-de-te","11":"first","12":"instock","13":"shipping-taxable","14":"purchasable","15":"product-type-simple"},"jetpack_sharing_enabled":true,"_links":{"self":[{"href":"https:\/\/theteahousestore.com\/index.php\/wp-json\/wp\/v2\/product\/978","targetHints":{"allow":["GET"]}}],"collection":[{"href":"https:\/\/theteahousestore.com\/index.php\/wp-json\/wp\/v2\/product"}],"about":[{"href":"https:\/\/theteahousestore.com\/index.php\/wp-json\/wp\/v2\/types\/product"}],"replies":[{"embeddable":true,"href":"https:\/\/theteahousestore.com\/index.php\/wp-json\/wp\/v2\/comments?post=978"}],"wp:featuredmedia":[{"embeddable":true,"href":"https:\/\/theteahousestore.com\/index.php\/wp-json\/wp\/v2\/media\/935"}],"wp:attachment":[{"href":"https:\/\/theteahousestore.com\/index.php\/wp-json\/wp\/v2\/media?parent=978"}],"wp:term":[{"taxonomy":"product_brand","embeddable":true,"href":"https:\/\/theteahousestore.com\/index.php\/wp-json\/wp\/v2\/product_brand?post=978"},{"taxonomy":"product_cat","embeddable":true,"href":"https:\/\/theteahousestore.com\/index.php\/wp-json\/wp\/v2\/product_cat?post=978"},{"taxonomy":"product_tag","embeddable":true,"href":"https:\/\/theteahousestore.com\/index.php\/wp-json\/wp\/v2\/product_tag?post=978"}],"curies":[{"name":"wp","href":"https:\/\/api.w.org\/{rel}","templated":true}]}}