{"id":975,"date":"2023-08-01T17:04:26","date_gmt":"2023-08-01T15:04:26","guid":{"rendered":"https:\/\/theteahousestore.com\/?post_type=product&#038;p=975"},"modified":"2023-08-07T12:32:28","modified_gmt":"2023-08-07T10:32:28","slug":"tetera-sin-canalon-con-filtro-decoracion-flores-para-te-rojo","status":"publish","type":"product","link":"https:\/\/theteahousestore.com\/index.php\/product\/tetera-sin-canalon-con-filtro-decoracion-flores-para-te-rojo\/","title":{"rendered":"TETERA SIN CANALON CON FILTRO DECORACI\u00d3N FLORES PARA TE ROJO \u8776\u604b\u82b1\u7ea2\u8336\u6ce1"},"content":{"rendered":"<p>Esta tetera es apreciada por los amantes del t\u00e9 que valoran tanto la funcionalidad para preparar t\u00e9 de alta calidad como la belleza est\u00e9tica de su dise\u00f1o floral. Es una opci\u00f3n elegante para los aficionados al t\u00e9 rojo que desean una tetera con un toque decorativo y art\u00edstico.<\/p>\n","protected":false},"excerpt":{"rendered":"<p>Esta tetera es apreciada por los amantes del t\u00e9 que valoran tanto la funcionalidad para preparar t\u00e9 de alta calidad como la belleza est\u00e9tica de su dise\u00f1o floral. Es una opci\u00f3n elegante para los aficionados al t\u00e9 rojo que desean una tetera con un toque decorativo y art\u00edstico.<\/p>\n","protected":false},"featured_media":937,"comment_status":"open","ping_status":"closed","template":"","meta":[],"product_brand":[],"product_cat":[45,47],"product_tag":[53,54],"class_list":{"0":"post-975","1":"product","2":"type-product","3":"status-publish","4":"has-post-thumbnail","6":"product_cat-ceremonia-de-te","7":"product_cat-tetera","8":"product_tag-ceremonia-de-te","9":"product_tag-juego-de-te","11":"first","12":"instock","13":"shipping-taxable","14":"purchasable","15":"product-type-simple"},"jetpack_sharing_enabled":true,"_links":{"self":[{"href":"https:\/\/theteahousestore.com\/index.php\/wp-json\/wp\/v2\/product\/975","targetHints":{"allow":["GET"]}}],"collection":[{"href":"https:\/\/theteahousestore.com\/index.php\/wp-json\/wp\/v2\/product"}],"about":[{"href":"https:\/\/theteahousestore.com\/index.php\/wp-json\/wp\/v2\/types\/product"}],"replies":[{"embeddable":true,"href":"https:\/\/theteahousestore.com\/index.php\/wp-json\/wp\/v2\/comments?post=975"}],"wp:featuredmedia":[{"embeddable":true,"href":"https:\/\/theteahousestore.com\/index.php\/wp-json\/wp\/v2\/media\/937"}],"wp:attachment":[{"href":"https:\/\/theteahousestore.com\/index.php\/wp-json\/wp\/v2\/media?parent=975"}],"wp:term":[{"taxonomy":"product_brand","embeddable":true,"href":"https:\/\/theteahousestore.com\/index.php\/wp-json\/wp\/v2\/product_brand?post=975"},{"taxonomy":"product_cat","embeddable":true,"href":"https:\/\/theteahousestore.com\/index.php\/wp-json\/wp\/v2\/product_cat?post=975"},{"taxonomy":"product_tag","embeddable":true,"href":"https:\/\/theteahousestore.com\/index.php\/wp-json\/wp\/v2\/product_tag?post=975"}],"curies":[{"name":"wp","href":"https:\/\/api.w.org\/{rel}","templated":true}]}}