{"id":971,"date":"2023-08-01T12:29:27","date_gmt":"2023-08-01T10:29:27","guid":{"rendered":"https:\/\/theteahousestore.com\/?post_type=product&#038;p=971"},"modified":"2023-08-07T12:32:15","modified_gmt":"2023-08-07T10:32:15","slug":"tetera-de-cristal-con-filtro","status":"publish","type":"product","link":"https:\/\/theteahousestore.com\/index.php\/product\/tetera-de-cristal-con-filtro\/","title":{"rendered":"TETERA DE CRISTAL CON FILTRO \u73bb\u7483\u6ce1\u8336\u58f6\u5e26\u6ee4\u7f51"},"content":{"rendered":"<p>La tetera de cristal con filtro es una opci\u00f3n popular para los amantes del t\u00e9 que valoran la facilidad de uso y la est\u00e9tica visual durante la preparaci\u00f3n del t\u00e9. Es adecuada para diversos tipos de t\u00e9, como t\u00e9s verdes, t\u00e9s negros, t\u00e9s oolong y otros, y proporciona una forma pr\u00e1ctica y elegante de disfrutar del t\u00e9 en su forma m\u00e1s pura.<\/p>\n","protected":false},"excerpt":{"rendered":"<p>La tetera de cristal con filtro es una opci\u00f3n popular para los amantes del t\u00e9 que valoran la facilidad de uso y la est\u00e9tica visual durante la preparaci\u00f3n del t\u00e9. Es adecuada para diversos tipos de t\u00e9, como t\u00e9s verdes, t\u00e9s negros, t\u00e9s oolong y otros, y proporciona una forma pr\u00e1ctica y elegante de disfrutar del t\u00e9 en su forma m\u00e1s pura.<\/p>\n","protected":false},"featured_media":940,"comment_status":"open","ping_status":"closed","template":"","meta":[],"product_brand":[],"product_cat":[45,47],"product_tag":[53,54],"class_list":{"0":"post-971","1":"product","2":"type-product","3":"status-publish","4":"has-post-thumbnail","6":"product_cat-ceremonia-de-te","7":"product_cat-tetera","8":"product_tag-ceremonia-de-te","9":"product_tag-juego-de-te","11":"first","12":"instock","13":"shipping-taxable","14":"purchasable","15":"product-type-simple"},"jetpack_sharing_enabled":true,"_links":{"self":[{"href":"https:\/\/theteahousestore.com\/index.php\/wp-json\/wp\/v2\/product\/971","targetHints":{"allow":["GET"]}}],"collection":[{"href":"https:\/\/theteahousestore.com\/index.php\/wp-json\/wp\/v2\/product"}],"about":[{"href":"https:\/\/theteahousestore.com\/index.php\/wp-json\/wp\/v2\/types\/product"}],"replies":[{"embeddable":true,"href":"https:\/\/theteahousestore.com\/index.php\/wp-json\/wp\/v2\/comments?post=971"}],"wp:featuredmedia":[{"embeddable":true,"href":"https:\/\/theteahousestore.com\/index.php\/wp-json\/wp\/v2\/media\/940"}],"wp:attachment":[{"href":"https:\/\/theteahousestore.com\/index.php\/wp-json\/wp\/v2\/media?parent=971"}],"wp:term":[{"taxonomy":"product_brand","embeddable":true,"href":"https:\/\/theteahousestore.com\/index.php\/wp-json\/wp\/v2\/product_brand?post=971"},{"taxonomy":"product_cat","embeddable":true,"href":"https:\/\/theteahousestore.com\/index.php\/wp-json\/wp\/v2\/product_cat?post=971"},{"taxonomy":"product_tag","embeddable":true,"href":"https:\/\/theteahousestore.com\/index.php\/wp-json\/wp\/v2\/product_tag?post=971"}],"curies":[{"name":"wp","href":"https:\/\/api.w.org\/{rel}","templated":true}]}}