{"id":968,"date":"2023-08-01T11:03:03","date_gmt":"2023-08-01T09:03:03","guid":{"rendered":"https:\/\/theteahousestore.com\/?post_type=product&#038;p=968"},"modified":"2023-08-08T11:10:42","modified_gmt":"2023-08-08T09:10:42","slug":"materia-de-juego-de-te-bambu","status":"publish","type":"product","link":"https:\/\/theteahousestore.com\/index.php\/product\/materia-de-juego-de-te-bambu\/","title":{"rendered":"MATERIA DE JUEGO DE T\u00c9 BAMBU \u7af9\u9542\u7a7a\u8336\u9053"},"content":{"rendered":"<p>es una experiencia que va m\u00e1s all\u00e1 de la simple preparaci\u00f3n y degustaci\u00f3n del t\u00e9. Tambi\u00e9n se trata de apreciar la belleza y la artesan\u00eda de los utensilios de t\u00e9 de bamb\u00fa tallado al vac\u00edo, as\u00ed como de sumergirse en una ceremonia que fomenta la calma, la contemplaci\u00f3n y la conexi\u00f3n con la naturaleza.<\/p>\n","protected":false},"excerpt":{"rendered":"<p>es una experiencia que va m\u00e1s all\u00e1 de la simple preparaci\u00f3n y degustaci\u00f3n del t\u00e9. Tambi\u00e9n se trata de apreciar la belleza y la artesan\u00eda de los utensilios de t\u00e9 de bamb\u00fa tallado al vac\u00edo, as\u00ed como de sumergirse en una ceremonia que fomenta la calma, la contemplaci\u00f3n y la conexi\u00f3n con la naturaleza.<\/p>\n","protected":false},"featured_media":923,"comment_status":"open","ping_status":"closed","template":"","meta":[],"product_brand":[],"product_cat":[45,63],"product_tag":[53,54],"class_list":{"0":"post-968","1":"product","2":"type-product","3":"status-publish","4":"has-post-thumbnail","6":"product_cat-ceremonia-de-te","7":"product_cat-utensilios-para-te","8":"product_tag-ceremonia-de-te","9":"product_tag-juego-de-te","11":"first","12":"instock","13":"shipping-taxable","14":"purchasable","15":"product-type-simple"},"jetpack_sharing_enabled":true,"_links":{"self":[{"href":"https:\/\/theteahousestore.com\/index.php\/wp-json\/wp\/v2\/product\/968","targetHints":{"allow":["GET"]}}],"collection":[{"href":"https:\/\/theteahousestore.com\/index.php\/wp-json\/wp\/v2\/product"}],"about":[{"href":"https:\/\/theteahousestore.com\/index.php\/wp-json\/wp\/v2\/types\/product"}],"replies":[{"embeddable":true,"href":"https:\/\/theteahousestore.com\/index.php\/wp-json\/wp\/v2\/comments?post=968"}],"wp:featuredmedia":[{"embeddable":true,"href":"https:\/\/theteahousestore.com\/index.php\/wp-json\/wp\/v2\/media\/923"}],"wp:attachment":[{"href":"https:\/\/theteahousestore.com\/index.php\/wp-json\/wp\/v2\/media?parent=968"}],"wp:term":[{"taxonomy":"product_brand","embeddable":true,"href":"https:\/\/theteahousestore.com\/index.php\/wp-json\/wp\/v2\/product_brand?post=968"},{"taxonomy":"product_cat","embeddable":true,"href":"https:\/\/theteahousestore.com\/index.php\/wp-json\/wp\/v2\/product_cat?post=968"},{"taxonomy":"product_tag","embeddable":true,"href":"https:\/\/theteahousestore.com\/index.php\/wp-json\/wp\/v2\/product_tag?post=968"}],"curies":[{"name":"wp","href":"https:\/\/api.w.org\/{rel}","templated":true}]}}