{"id":965,"date":"2023-08-01T10:37:04","date_gmt":"2023-08-01T08:37:04","guid":{"rendered":"https:\/\/theteahousestore.com\/?post_type=product&#038;p=965"},"modified":"2023-08-08T11:10:48","modified_gmt":"2023-08-08T09:10:48","slug":"materia-de-juego-de-te-rojo","status":"publish","type":"product","link":"https:\/\/theteahousestore.com\/index.php\/product\/materia-de-juego-de-te-rojo\/","title":{"rendered":"MATERIA DE JUEGO DE T\u00c9 ROJO \u538b\u677f\u8336\u9053\u7ea2\u8272"},"content":{"rendered":"<p>una variante regional o una pr\u00e1ctica m\u00e1s reciente que haya surgido despu\u00e9s de mi \u00faltima actualizaci\u00f3n. El mundo del t\u00e9 es vasto y diverso, y constantemente surgen nuevas formas y tradiciones relacionadas con el t\u00e9 en diferentes partes del mundo.<\/p>\n","protected":false},"excerpt":{"rendered":"<p>una variante regional o una pr\u00e1ctica m\u00e1s reciente que haya surgido despu\u00e9s de mi \u00faltima actualizaci\u00f3n. El mundo del t\u00e9 es vasto y diverso, y constantemente surgen nuevas formas y tradiciones relacionadas con el t\u00e9 en diferentes partes del mundo.<\/p>\n","protected":false},"featured_media":966,"comment_status":"open","ping_status":"closed","template":"","meta":[],"product_brand":[],"product_cat":[45,63],"product_tag":[53,54],"class_list":{"0":"post-965","1":"product","2":"type-product","3":"status-publish","4":"has-post-thumbnail","6":"product_cat-ceremonia-de-te","7":"product_cat-utensilios-para-te","8":"product_tag-ceremonia-de-te","9":"product_tag-juego-de-te","11":"first","12":"instock","13":"shipping-taxable","14":"purchasable","15":"product-type-simple"},"jetpack_sharing_enabled":true,"_links":{"self":[{"href":"https:\/\/theteahousestore.com\/index.php\/wp-json\/wp\/v2\/product\/965","targetHints":{"allow":["GET"]}}],"collection":[{"href":"https:\/\/theteahousestore.com\/index.php\/wp-json\/wp\/v2\/product"}],"about":[{"href":"https:\/\/theteahousestore.com\/index.php\/wp-json\/wp\/v2\/types\/product"}],"replies":[{"embeddable":true,"href":"https:\/\/theteahousestore.com\/index.php\/wp-json\/wp\/v2\/comments?post=965"}],"wp:featuredmedia":[{"embeddable":true,"href":"https:\/\/theteahousestore.com\/index.php\/wp-json\/wp\/v2\/media\/966"}],"wp:attachment":[{"href":"https:\/\/theteahousestore.com\/index.php\/wp-json\/wp\/v2\/media?parent=965"}],"wp:term":[{"taxonomy":"product_brand","embeddable":true,"href":"https:\/\/theteahousestore.com\/index.php\/wp-json\/wp\/v2\/product_brand?post=965"},{"taxonomy":"product_cat","embeddable":true,"href":"https:\/\/theteahousestore.com\/index.php\/wp-json\/wp\/v2\/product_cat?post=965"},{"taxonomy":"product_tag","embeddable":true,"href":"https:\/\/theteahousestore.com\/index.php\/wp-json\/wp\/v2\/product_tag?post=965"}],"curies":[{"name":"wp","href":"https:\/\/api.w.org\/{rel}","templated":true}]}}