{"id":964,"date":"2023-08-01T11:03:35","date_gmt":"2023-08-01T09:03:35","guid":{"rendered":"https:\/\/theteahousestore.com\/?post_type=product&#038;p=964"},"modified":"2023-08-08T11:10:36","modified_gmt":"2023-08-08T09:10:36","slug":"materia-de-juego-de-te-de-calabaza-de-bambu","status":"publish","type":"product","link":"https:\/\/theteahousestore.com\/index.php\/product\/materia-de-juego-de-te-de-calabaza-de-bambu\/","title":{"rendered":"MATERIA DE JUEGO DE T\u00c9 DE CALABAZA DE BAMB\u00da \u7af9\u846b\u82a6\u8336\u9053"},"content":{"rendered":"<p>no solo se trata de la preparaci\u00f3n y degustaci\u00f3n del t\u00e9, sino que tambi\u00e9n se considera una experiencia social y cultural que promueve la amistad, la tranquilidad y la reflexi\u00f3n.<\/p>\n","protected":false},"excerpt":{"rendered":"<p>no solo se trata de la preparaci\u00f3n y degustaci\u00f3n del t\u00e9, sino que tambi\u00e9n se considera una experiencia social y cultural que promueve la amistad, la tranquilidad y la reflexi\u00f3n.<\/p>\n","protected":false},"featured_media":967,"comment_status":"open","ping_status":"closed","template":"","meta":[],"product_brand":[],"product_cat":[45,63],"product_tag":[53,54],"class_list":{"0":"post-964","1":"product","2":"type-product","3":"status-publish","4":"has-post-thumbnail","6":"product_cat-ceremonia-de-te","7":"product_cat-utensilios-para-te","8":"product_tag-ceremonia-de-te","9":"product_tag-juego-de-te","11":"first","12":"instock","13":"shipping-taxable","14":"purchasable","15":"product-type-simple"},"jetpack_sharing_enabled":true,"_links":{"self":[{"href":"https:\/\/theteahousestore.com\/index.php\/wp-json\/wp\/v2\/product\/964","targetHints":{"allow":["GET"]}}],"collection":[{"href":"https:\/\/theteahousestore.com\/index.php\/wp-json\/wp\/v2\/product"}],"about":[{"href":"https:\/\/theteahousestore.com\/index.php\/wp-json\/wp\/v2\/types\/product"}],"replies":[{"embeddable":true,"href":"https:\/\/theteahousestore.com\/index.php\/wp-json\/wp\/v2\/comments?post=964"}],"wp:featuredmedia":[{"embeddable":true,"href":"https:\/\/theteahousestore.com\/index.php\/wp-json\/wp\/v2\/media\/967"}],"wp:attachment":[{"href":"https:\/\/theteahousestore.com\/index.php\/wp-json\/wp\/v2\/media?parent=964"}],"wp:term":[{"taxonomy":"product_brand","embeddable":true,"href":"https:\/\/theteahousestore.com\/index.php\/wp-json\/wp\/v2\/product_brand?post=964"},{"taxonomy":"product_cat","embeddable":true,"href":"https:\/\/theteahousestore.com\/index.php\/wp-json\/wp\/v2\/product_cat?post=964"},{"taxonomy":"product_tag","embeddable":true,"href":"https:\/\/theteahousestore.com\/index.php\/wp-json\/wp\/v2\/product_tag?post=964"}],"curies":[{"name":"wp","href":"https:\/\/api.w.org\/{rel}","templated":true}]}}