{"id":962,"date":"2023-07-31T20:17:32","date_gmt":"2023-07-31T18:17:32","guid":{"rendered":"https:\/\/theteahousestore.com\/?post_type=product&#038;p=962"},"modified":"2023-08-08T11:10:59","modified_gmt":"2023-08-08T09:10:59","slug":"filtro-de-acero-inoxidable-pequeno","status":"publish","type":"product","link":"https:\/\/theteahousestore.com\/index.php\/product\/filtro-de-acero-inoxidable-pequeno\/","title":{"rendered":"FILTRO DE ACERO INOXIDABLE PEQUE\u00d1O \u4e0d\u9508\u94a2\u5c0f\u6ee4\u7f51"},"content":{"rendered":"<p>es un utensilio de cocina utilizado para filtrar part\u00edculas s\u00f3lidas de l\u00edquidos, como t\u00e9, caf\u00e9 u otras bebidas, permitiendo que el l\u00edquido pase a trav\u00e9s mientras retiene los s\u00f3lidos en su interior.<\/p>\n","protected":false},"excerpt":{"rendered":"<p>es un utensilio de cocina utilizado para filtrar part\u00edculas s\u00f3lidas de l\u00edquidos, como t\u00e9, caf\u00e9 u otras bebidas, permitiendo que el l\u00edquido pase a trav\u00e9s mientras retiene los s\u00f3lidos en su interior.<\/p>\n","protected":false},"featured_media":918,"comment_status":"open","ping_status":"closed","template":"","meta":[],"product_brand":[],"product_cat":[45,63],"product_tag":[53],"class_list":{"0":"post-962","1":"product","2":"type-product","3":"status-publish","4":"has-post-thumbnail","6":"product_cat-ceremonia-de-te","7":"product_cat-utensilios-para-te","8":"product_tag-ceremonia-de-te","10":"first","11":"instock","12":"shipping-taxable","13":"purchasable","14":"product-type-simple"},"jetpack_sharing_enabled":true,"_links":{"self":[{"href":"https:\/\/theteahousestore.com\/index.php\/wp-json\/wp\/v2\/product\/962","targetHints":{"allow":["GET"]}}],"collection":[{"href":"https:\/\/theteahousestore.com\/index.php\/wp-json\/wp\/v2\/product"}],"about":[{"href":"https:\/\/theteahousestore.com\/index.php\/wp-json\/wp\/v2\/types\/product"}],"replies":[{"embeddable":true,"href":"https:\/\/theteahousestore.com\/index.php\/wp-json\/wp\/v2\/comments?post=962"}],"wp:featuredmedia":[{"embeddable":true,"href":"https:\/\/theteahousestore.com\/index.php\/wp-json\/wp\/v2\/media\/918"}],"wp:attachment":[{"href":"https:\/\/theteahousestore.com\/index.php\/wp-json\/wp\/v2\/media?parent=962"}],"wp:term":[{"taxonomy":"product_brand","embeddable":true,"href":"https:\/\/theteahousestore.com\/index.php\/wp-json\/wp\/v2\/product_brand?post=962"},{"taxonomy":"product_cat","embeddable":true,"href":"https:\/\/theteahousestore.com\/index.php\/wp-json\/wp\/v2\/product_cat?post=962"},{"taxonomy":"product_tag","embeddable":true,"href":"https:\/\/theteahousestore.com\/index.php\/wp-json\/wp\/v2\/product_tag?post=962"}],"curies":[{"name":"wp","href":"https:\/\/api.w.org\/{rel}","templated":true}]}}