{"id":961,"date":"2023-07-31T19:56:02","date_gmt":"2023-07-31T17:56:02","guid":{"rendered":"https:\/\/theteahousestore.com\/?post_type=product&#038;p=961"},"modified":"2023-08-08T11:11:09","modified_gmt":"2023-08-08T09:11:09","slug":"portavasos-de-melamina-sueltos","status":"publish","type":"product","link":"https:\/\/theteahousestore.com\/index.php\/product\/portavasos-de-melamina-sueltos\/","title":{"rendered":"PORTAVASOS DE MELAMINA SUELTOS \u5bc6\u80fa\u9521\u67ab\u53f6\u676f\u6258"},"content":{"rendered":"<p>son posavasos individuales hechos de melamina, un tipo de resina sint\u00e9tica que se utiliza com\u00fanmente en la fabricaci\u00f3n de utensilios y vajillas debido a su durabilidad y resistencia.<\/p>\n","protected":false},"excerpt":{"rendered":"<p>son posavasos individuales hechos de melamina, un tipo de resina sint\u00e9tica que se utiliza com\u00fanmente en la fabricaci\u00f3n de utensilios y vajillas debido a su durabilidad y resistencia.<\/p>\n","protected":false},"featured_media":927,"comment_status":"open","ping_status":"closed","template":"","meta":[],"product_brand":[],"product_cat":[45,63],"product_tag":[53],"class_list":{"0":"post-961","1":"product","2":"type-product","3":"status-publish","4":"has-post-thumbnail","6":"product_cat-ceremonia-de-te","7":"product_cat-utensilios-para-te","8":"product_tag-ceremonia-de-te","10":"first","11":"instock","12":"shipping-taxable","13":"purchasable","14":"product-type-simple"},"jetpack_sharing_enabled":true,"_links":{"self":[{"href":"https:\/\/theteahousestore.com\/index.php\/wp-json\/wp\/v2\/product\/961","targetHints":{"allow":["GET"]}}],"collection":[{"href":"https:\/\/theteahousestore.com\/index.php\/wp-json\/wp\/v2\/product"}],"about":[{"href":"https:\/\/theteahousestore.com\/index.php\/wp-json\/wp\/v2\/types\/product"}],"replies":[{"embeddable":true,"href":"https:\/\/theteahousestore.com\/index.php\/wp-json\/wp\/v2\/comments?post=961"}],"wp:featuredmedia":[{"embeddable":true,"href":"https:\/\/theteahousestore.com\/index.php\/wp-json\/wp\/v2\/media\/927"}],"wp:attachment":[{"href":"https:\/\/theteahousestore.com\/index.php\/wp-json\/wp\/v2\/media?parent=961"}],"wp:term":[{"taxonomy":"product_brand","embeddable":true,"href":"https:\/\/theteahousestore.com\/index.php\/wp-json\/wp\/v2\/product_brand?post=961"},{"taxonomy":"product_cat","embeddable":true,"href":"https:\/\/theteahousestore.com\/index.php\/wp-json\/wp\/v2\/product_cat?post=961"},{"taxonomy":"product_tag","embeddable":true,"href":"https:\/\/theteahousestore.com\/index.php\/wp-json\/wp\/v2\/product_tag?post=961"}],"curies":[{"name":"wp","href":"https:\/\/api.w.org\/{rel}","templated":true}]}}