{"id":956,"date":"2023-07-31T19:42:50","date_gmt":"2023-07-31T17:42:50","guid":{"rendered":"https:\/\/theteahousestore.com\/?post_type=product&#038;p=956"},"modified":"2023-08-07T11:35:13","modified_gmt":"2023-08-07T09:35:13","slug":"pano-para-juego-de-te-doble-cara","status":"publish","type":"product","link":"https:\/\/theteahousestore.com\/index.php\/product\/pano-para-juego-de-te-doble-cara\/","title":{"rendered":"PA\u00d1O PARA JUEGO DE TE DOBLE CARA \u53cc\u9762\u53f0\u5f0f\u8336\u5dfe"},"content":{"rendered":"<p>es un pa\u00f1o especialmente dise\u00f1ado para su uso en la ceremonia del t\u00e9 y otros rituales relacionados con el t\u00e9. Lo que lo hace especial es su dise\u00f1o de doble cara, lo que significa que tiene una superficie diferente en cada lado.<\/p>\n","protected":false},"excerpt":{"rendered":"<p>es un pa\u00f1o especialmente dise\u00f1ado para su uso en la ceremonia del t\u00e9 y otros rituales relacionados con el t\u00e9. Lo que lo hace especial es su dise\u00f1o de doble cara, lo que significa que tiene una superficie diferente en cada lado.<\/p>\n","protected":false},"featured_media":915,"comment_status":"open","ping_status":"closed","template":"","meta":[],"product_brand":[],"product_cat":[45],"product_tag":[53],"class_list":{"0":"post-956","1":"product","2":"type-product","3":"status-publish","4":"has-post-thumbnail","6":"product_cat-ceremonia-de-te","7":"product_tag-ceremonia-de-te","9":"first","10":"instock","11":"shipping-taxable","12":"purchasable","13":"product-type-simple"},"jetpack_sharing_enabled":true,"_links":{"self":[{"href":"https:\/\/theteahousestore.com\/index.php\/wp-json\/wp\/v2\/product\/956","targetHints":{"allow":["GET"]}}],"collection":[{"href":"https:\/\/theteahousestore.com\/index.php\/wp-json\/wp\/v2\/product"}],"about":[{"href":"https:\/\/theteahousestore.com\/index.php\/wp-json\/wp\/v2\/types\/product"}],"replies":[{"embeddable":true,"href":"https:\/\/theteahousestore.com\/index.php\/wp-json\/wp\/v2\/comments?post=956"}],"wp:featuredmedia":[{"embeddable":true,"href":"https:\/\/theteahousestore.com\/index.php\/wp-json\/wp\/v2\/media\/915"}],"wp:attachment":[{"href":"https:\/\/theteahousestore.com\/index.php\/wp-json\/wp\/v2\/media?parent=956"}],"wp:term":[{"taxonomy":"product_brand","embeddable":true,"href":"https:\/\/theteahousestore.com\/index.php\/wp-json\/wp\/v2\/product_brand?post=956"},{"taxonomy":"product_cat","embeddable":true,"href":"https:\/\/theteahousestore.com\/index.php\/wp-json\/wp\/v2\/product_cat?post=956"},{"taxonomy":"product_tag","embeddable":true,"href":"https:\/\/theteahousestore.com\/index.php\/wp-json\/wp\/v2\/product_tag?post=956"}],"curies":[{"name":"wp","href":"https:\/\/api.w.org\/{rel}","templated":true}]}}