{"id":955,"date":"2023-07-31T19:40:26","date_gmt":"2023-07-31T17:40:26","guid":{"rendered":"https:\/\/theteahousestore.com\/?post_type=product&#038;p=955"},"modified":"2023-08-07T11:35:55","modified_gmt":"2023-08-07T09:35:55","slug":"pano-para-juego-de-te","status":"publish","type":"product","link":"https:\/\/theteahousestore.com\/index.php\/product\/pano-para-juego-de-te\/","title":{"rendered":"PA\u00d1O PARA JUEGO DE TE \u8336\u9a6c\u53e4\u9053\u8336\u5dfe"},"content":{"rendered":"<p>es un pa\u00f1o especialmente dise\u00f1ado para su uso en la ceremonia del t\u00e9, inspirado en la antigua Ruta del T\u00e9 y las antiguas rutas comerciales conocidas como \u00ab\u8336\u9a6c\u53e4\u9053\u00bb (Chamagudao) en China.<\/p>\n","protected":false},"excerpt":{"rendered":"<p>es un pa\u00f1o especialmente dise\u00f1ado para su uso en la ceremonia del t\u00e9, inspirado en la antigua Ruta del T\u00e9 y las antiguas rutas comerciales conocidas como \u00ab\u8336\u9a6c\u53e4\u9053\u00bb (Chamagudao) en China.<\/p>\n","protected":false},"featured_media":916,"comment_status":"open","ping_status":"closed","template":"","meta":[],"product_brand":[],"product_cat":[45,63],"product_tag":[53],"class_list":{"0":"post-955","1":"product","2":"type-product","3":"status-publish","4":"has-post-thumbnail","6":"product_cat-ceremonia-de-te","7":"product_cat-utensilios-para-te","8":"product_tag-ceremonia-de-te","10":"first","11":"instock","12":"shipping-taxable","13":"purchasable","14":"product-type-simple"},"jetpack_sharing_enabled":true,"_links":{"self":[{"href":"https:\/\/theteahousestore.com\/index.php\/wp-json\/wp\/v2\/product\/955","targetHints":{"allow":["GET"]}}],"collection":[{"href":"https:\/\/theteahousestore.com\/index.php\/wp-json\/wp\/v2\/product"}],"about":[{"href":"https:\/\/theteahousestore.com\/index.php\/wp-json\/wp\/v2\/types\/product"}],"replies":[{"embeddable":true,"href":"https:\/\/theteahousestore.com\/index.php\/wp-json\/wp\/v2\/comments?post=955"}],"wp:featuredmedia":[{"embeddable":true,"href":"https:\/\/theteahousestore.com\/index.php\/wp-json\/wp\/v2\/media\/916"}],"wp:attachment":[{"href":"https:\/\/theteahousestore.com\/index.php\/wp-json\/wp\/v2\/media?parent=955"}],"wp:term":[{"taxonomy":"product_brand","embeddable":true,"href":"https:\/\/theteahousestore.com\/index.php\/wp-json\/wp\/v2\/product_brand?post=955"},{"taxonomy":"product_cat","embeddable":true,"href":"https:\/\/theteahousestore.com\/index.php\/wp-json\/wp\/v2\/product_cat?post=955"},{"taxonomy":"product_tag","embeddable":true,"href":"https:\/\/theteahousestore.com\/index.php\/wp-json\/wp\/v2\/product_tag?post=955"}],"curies":[{"name":"wp","href":"https:\/\/api.w.org\/{rel}","templated":true}]}}