{"id":950,"date":"2023-07-31T18:58:42","date_gmt":"2023-07-31T16:58:42","guid":{"rendered":"https:\/\/theteahousestore.com\/?post_type=product&#038;p=950"},"modified":"2023-07-31T18:58:56","modified_gmt":"2023-07-31T16:58:56","slug":"taza-de-te-turquesa-de-ciruela","status":"publish","type":"product","link":"https:\/\/theteahousestore.com\/index.php\/product\/taza-de-te-turquesa-de-ciruela\/","title":{"rendered":"TAZA DE T\u00c9 TURQUESA DE CIRUELA \u767e\u5408\u7af9(\u6885\u5b50\u9752)\u676f"},"content":{"rendered":"<p>es una taza de cer\u00e1mica o porcelana con un esmalte de color turquesa de ciruela, que combina elementos naturales como lirios, bamb\u00fa y el color caracter\u00edstico de las ciruelas verdes (\u00ab\u6885\u5b50\u9752\u00bb se traduce como \u00abciruela verde\u00bb).<\/p>\n","protected":false},"excerpt":{"rendered":"<p>es una taza de cer\u00e1mica o porcelana con un esmalte de color turquesa de ciruela, que combina elementos naturales como lirios, bamb\u00fa y el color caracter\u00edstico de las ciruelas verdes (\u00ab\u6885\u5b50\u9752\u00bb se traduce como \u00abciruela verde\u00bb).<\/p>\n","protected":false},"featured_media":904,"comment_status":"open","ping_status":"closed","template":"","meta":[],"product_brand":[],"product_cat":[45,48],"product_tag":[53,54,49],"class_list":{"0":"post-950","1":"product","2":"type-product","3":"status-publish","4":"has-post-thumbnail","6":"product_cat-ceremonia-de-te","7":"product_cat-tazas-de-te-ceremonia-de-te","8":"product_tag-ceremonia-de-te","9":"product_tag-juego-de-te","10":"product_tag-taza-de-te","12":"first","13":"instock","14":"shipping-taxable","15":"purchasable","16":"product-type-simple"},"jetpack_sharing_enabled":true,"_links":{"self":[{"href":"https:\/\/theteahousestore.com\/index.php\/wp-json\/wp\/v2\/product\/950","targetHints":{"allow":["GET"]}}],"collection":[{"href":"https:\/\/theteahousestore.com\/index.php\/wp-json\/wp\/v2\/product"}],"about":[{"href":"https:\/\/theteahousestore.com\/index.php\/wp-json\/wp\/v2\/types\/product"}],"replies":[{"embeddable":true,"href":"https:\/\/theteahousestore.com\/index.php\/wp-json\/wp\/v2\/comments?post=950"}],"wp:featuredmedia":[{"embeddable":true,"href":"https:\/\/theteahousestore.com\/index.php\/wp-json\/wp\/v2\/media\/904"}],"wp:attachment":[{"href":"https:\/\/theteahousestore.com\/index.php\/wp-json\/wp\/v2\/media?parent=950"}],"wp:term":[{"taxonomy":"product_brand","embeddable":true,"href":"https:\/\/theteahousestore.com\/index.php\/wp-json\/wp\/v2\/product_brand?post=950"},{"taxonomy":"product_cat","embeddable":true,"href":"https:\/\/theteahousestore.com\/index.php\/wp-json\/wp\/v2\/product_cat?post=950"},{"taxonomy":"product_tag","embeddable":true,"href":"https:\/\/theteahousestore.com\/index.php\/wp-json\/wp\/v2\/product_tag?post=950"}],"curies":[{"name":"wp","href":"https:\/\/api.w.org\/{rel}","templated":true}]}}