{"id":948,"date":"2023-07-31T18:52:39","date_gmt":"2023-07-31T16:52:39","guid":{"rendered":"https:\/\/theteahousestore.com\/?post_type=product&#038;p=948"},"modified":"2023-07-31T18:52:39","modified_gmt":"2023-07-31T16:52:39","slug":"taza-de-te-azul","status":"publish","type":"product","link":"https:\/\/theteahousestore.com\/index.php\/product\/taza-de-te-azul\/","title":{"rendered":"TAZA DE T\u00c9 AZUL \u7a91\u53d8\u84dd\u5e73\u53e3\u676f"},"content":{"rendered":"<p>es una taza de t\u00e9 de cer\u00e1mica o porcelana que destaca por su distintivo color azul proveniente de un proceso de cocci\u00f3n conocido como \u00ab\u7a91\u53d8\u00bb (yao bian). El t\u00e9rmino \u00ab\u7a91\u53d8\u00bb se traduce como \u00abvariaci\u00f3n en el horno\u00bb y hace referencia a una t\u00e9cnica de esmaltado que produce un efecto de cambio de color en la cer\u00e1mica durante el proceso de cocci\u00f3n.<\/p>\n","protected":false},"excerpt":{"rendered":"<p>es una taza de t\u00e9 de cer\u00e1mica o porcelana que destaca por su distintivo color azul proveniente de un proceso de cocci\u00f3n conocido como \u00ab\u7a91\u53d8\u00bb (yao bian). El t\u00e9rmino \u00ab\u7a91\u53d8\u00bb se traduce como \u00abvariaci\u00f3n en el horno\u00bb y hace referencia a una t\u00e9cnica de esmaltado que produce un efecto de cambio de color en la cer\u00e1mica durante el proceso de cocci\u00f3n.<\/p>\n","protected":false},"featured_media":907,"comment_status":"open","ping_status":"closed","template":"","meta":[],"product_brand":[],"product_cat":[45,48],"product_tag":[53,54,49],"class_list":{"0":"post-948","1":"product","2":"type-product","3":"status-publish","4":"has-post-thumbnail","6":"product_cat-ceremonia-de-te","7":"product_cat-tazas-de-te-ceremonia-de-te","8":"product_tag-ceremonia-de-te","9":"product_tag-juego-de-te","10":"product_tag-taza-de-te","12":"first","13":"instock","14":"shipping-taxable","15":"purchasable","16":"product-type-simple"},"jetpack_sharing_enabled":true,"_links":{"self":[{"href":"https:\/\/theteahousestore.com\/index.php\/wp-json\/wp\/v2\/product\/948","targetHints":{"allow":["GET"]}}],"collection":[{"href":"https:\/\/theteahousestore.com\/index.php\/wp-json\/wp\/v2\/product"}],"about":[{"href":"https:\/\/theteahousestore.com\/index.php\/wp-json\/wp\/v2\/types\/product"}],"replies":[{"embeddable":true,"href":"https:\/\/theteahousestore.com\/index.php\/wp-json\/wp\/v2\/comments?post=948"}],"wp:featuredmedia":[{"embeddable":true,"href":"https:\/\/theteahousestore.com\/index.php\/wp-json\/wp\/v2\/media\/907"}],"wp:attachment":[{"href":"https:\/\/theteahousestore.com\/index.php\/wp-json\/wp\/v2\/media?parent=948"}],"wp:term":[{"taxonomy":"product_brand","embeddable":true,"href":"https:\/\/theteahousestore.com\/index.php\/wp-json\/wp\/v2\/product_brand?post=948"},{"taxonomy":"product_cat","embeddable":true,"href":"https:\/\/theteahousestore.com\/index.php\/wp-json\/wp\/v2\/product_cat?post=948"},{"taxonomy":"product_tag","embeddable":true,"href":"https:\/\/theteahousestore.com\/index.php\/wp-json\/wp\/v2\/product_tag?post=948"}],"curies":[{"name":"wp","href":"https:\/\/api.w.org\/{rel}","templated":true}]}}