{"id":946,"date":"2023-07-31T18:44:30","date_gmt":"2023-07-31T16:44:30","guid":{"rendered":"https:\/\/theteahousestore.com\/?post_type=product&#038;p=946"},"modified":"2023-07-31T18:44:30","modified_gmt":"2023-07-31T16:44:30","slug":"taza-de-te-de-horno-ge-decilado","status":"publish","type":"product","link":"https:\/\/theteahousestore.com\/index.php\/product\/taza-de-te-de-horno-ge-decilado\/","title":{"rendered":"TAZA DE T\u00c9 DE HORNO GE DECILADO \u54e5\u7a91\u5de7\u4e50\u676f"},"content":{"rendered":"<p>es una taza de t\u00e9 con un dise\u00f1o art\u00edstico y una rica historia cultural. El nombre \u00ab\u54e5\u7a91\u00bb se refiere a la cer\u00e1mica producida en la antigua aldea de Geyao, que era famosa por su cer\u00e1mica durante las dinast\u00edas Song (960-1279) y Yuan (1271-1368) en China. El t\u00e9rmino \u00ab\u5de7\u4e50\u676f\u00bb puede traducirse como \u00abtaza h\u00e1bilmente decorada y alegre\u00bb.<\/p>\n","protected":false},"excerpt":{"rendered":"<p>es una taza de t\u00e9 con un dise\u00f1o art\u00edstico y una rica historia cultural. El nombre \u00ab\u54e5\u7a91\u00bb se refiere a la cer\u00e1mica producida en la antigua aldea de Geyao, que era famosa por su cer\u00e1mica durante las dinast\u00edas Song (960-1279) y Yuan (1271-1368) en China. El t\u00e9rmino \u00ab\u5de7\u4e50\u676f\u00bb puede traducirse como \u00abtaza h\u00e1bilmente decorada y alegre\u00bb.<\/p>\n","protected":false},"featured_media":910,"comment_status":"open","ping_status":"closed","template":"","meta":[],"product_brand":[],"product_cat":[45,48],"product_tag":[53,54,49],"class_list":{"0":"post-946","1":"product","2":"type-product","3":"status-publish","4":"has-post-thumbnail","6":"product_cat-ceremonia-de-te","7":"product_cat-tazas-de-te-ceremonia-de-te","8":"product_tag-ceremonia-de-te","9":"product_tag-juego-de-te","10":"product_tag-taza-de-te","12":"first","13":"instock","14":"shipping-taxable","15":"purchasable","16":"product-type-simple"},"jetpack_sharing_enabled":true,"_links":{"self":[{"href":"https:\/\/theteahousestore.com\/index.php\/wp-json\/wp\/v2\/product\/946","targetHints":{"allow":["GET"]}}],"collection":[{"href":"https:\/\/theteahousestore.com\/index.php\/wp-json\/wp\/v2\/product"}],"about":[{"href":"https:\/\/theteahousestore.com\/index.php\/wp-json\/wp\/v2\/types\/product"}],"replies":[{"embeddable":true,"href":"https:\/\/theteahousestore.com\/index.php\/wp-json\/wp\/v2\/comments?post=946"}],"wp:featuredmedia":[{"embeddable":true,"href":"https:\/\/theteahousestore.com\/index.php\/wp-json\/wp\/v2\/media\/910"}],"wp:attachment":[{"href":"https:\/\/theteahousestore.com\/index.php\/wp-json\/wp\/v2\/media?parent=946"}],"wp:term":[{"taxonomy":"product_brand","embeddable":true,"href":"https:\/\/theteahousestore.com\/index.php\/wp-json\/wp\/v2\/product_brand?post=946"},{"taxonomy":"product_cat","embeddable":true,"href":"https:\/\/theteahousestore.com\/index.php\/wp-json\/wp\/v2\/product_cat?post=946"},{"taxonomy":"product_tag","embeddable":true,"href":"https:\/\/theteahousestore.com\/index.php\/wp-json\/wp\/v2\/product_tag?post=946"}],"curies":[{"name":"wp","href":"https:\/\/api.w.org\/{rel}","templated":true}]}}