{"id":944,"date":"2023-07-31T18:34:54","date_gmt":"2023-07-31T16:34:54","guid":{"rendered":"https:\/\/theteahousestore.com\/?post_type=product&#038;p=944"},"modified":"2023-07-31T18:35:23","modified_gmt":"2023-07-31T16:35:23","slug":"taza-de-te-con-lirio","status":"publish","type":"product","link":"https:\/\/theteahousestore.com\/index.php\/product\/taza-de-te-con-lirio\/","title":{"rendered":"TAZA DE T\u00c9 CON LIRIO \u767e\u5408\u676f\uff08\u7c89\u9752\uff09"},"content":{"rendered":"<p>un regalo encantador para los amantes del t\u00e9 y para aquellos que aprecian la est\u00e9tica floral. Adem\u00e1s, su dise\u00f1o delicado y rom\u00e1ntico la convierte en una opci\u00f3n ideal para ocasiones especiales o simplemente para disfrutar de un momento tranquilo mientras se saborea una taza de t\u00e9.<\/p>\n","protected":false},"excerpt":{"rendered":"<p>un regalo encantador para los amantes del t\u00e9 y para aquellos que aprecian la est\u00e9tica floral. Adem\u00e1s, su dise\u00f1o delicado y rom\u00e1ntico la convierte en una opci\u00f3n ideal para ocasiones especiales o simplemente para disfrutar de un momento tranquilo mientras se saborea una taza de t\u00e9.<\/p>\n","protected":false},"featured_media":904,"comment_status":"open","ping_status":"closed","template":"","meta":[],"product_brand":[],"product_cat":[45,48],"product_tag":[53,54,49],"class_list":{"0":"post-944","1":"product","2":"type-product","3":"status-publish","4":"has-post-thumbnail","6":"product_cat-ceremonia-de-te","7":"product_cat-tazas-de-te-ceremonia-de-te","8":"product_tag-ceremonia-de-te","9":"product_tag-juego-de-te","10":"product_tag-taza-de-te","12":"first","13":"instock","14":"shipping-taxable","15":"purchasable","16":"product-type-simple"},"jetpack_sharing_enabled":true,"_links":{"self":[{"href":"https:\/\/theteahousestore.com\/index.php\/wp-json\/wp\/v2\/product\/944","targetHints":{"allow":["GET"]}}],"collection":[{"href":"https:\/\/theteahousestore.com\/index.php\/wp-json\/wp\/v2\/product"}],"about":[{"href":"https:\/\/theteahousestore.com\/index.php\/wp-json\/wp\/v2\/types\/product"}],"replies":[{"embeddable":true,"href":"https:\/\/theteahousestore.com\/index.php\/wp-json\/wp\/v2\/comments?post=944"}],"wp:featuredmedia":[{"embeddable":true,"href":"https:\/\/theteahousestore.com\/index.php\/wp-json\/wp\/v2\/media\/904"}],"wp:attachment":[{"href":"https:\/\/theteahousestore.com\/index.php\/wp-json\/wp\/v2\/media?parent=944"}],"wp:term":[{"taxonomy":"product_brand","embeddable":true,"href":"https:\/\/theteahousestore.com\/index.php\/wp-json\/wp\/v2\/product_brand?post=944"},{"taxonomy":"product_cat","embeddable":true,"href":"https:\/\/theteahousestore.com\/index.php\/wp-json\/wp\/v2\/product_cat?post=944"},{"taxonomy":"product_tag","embeddable":true,"href":"https:\/\/theteahousestore.com\/index.php\/wp-json\/wp\/v2\/product_tag?post=944"}],"curies":[{"name":"wp","href":"https:\/\/api.w.org\/{rel}","templated":true}]}}