{"id":900,"date":"2023-07-31T11:34:18","date_gmt":"2023-07-31T09:34:18","guid":{"rendered":"https:\/\/theteahousestore.com\/?post_type=product&#038;p=900"},"modified":"2023-07-31T11:34:18","modified_gmt":"2023-07-31T09:34:18","slug":"taza-de-te-verde-claro","status":"publish","type":"product","link":"https:\/\/theteahousestore.com\/index.php\/product\/taza-de-te-verde-claro\/","title":{"rendered":"Taza de T\u00e9 Verde Claro \u7eff\u8272\u7279\u4ef7\u676f"},"content":{"rendered":"<p>es una taza de t\u00e9 de color verde claro que se encuentra a un precio especial o con descuento. Es una opci\u00f3n simple y atractiva para disfrutar de t\u00e9 verde y puede a\u00f1adir una sensaci\u00f3n de frescura y naturalidad a la experiencia de beber t\u00e9.<\/p>\n","protected":false},"excerpt":{"rendered":"<p>es una taza de t\u00e9 de color verde claro que se encuentra a un precio especial o con descuento. Es una opci\u00f3n simple y atractiva para disfrutar de t\u00e9 verde y puede a\u00f1adir una sensaci\u00f3n de frescura y naturalidad a la experiencia de beber t\u00e9.<\/p>\n","protected":false},"featured_media":851,"comment_status":"open","ping_status":"closed","template":"","meta":[],"product_brand":[],"product_cat":[45,48],"product_tag":[53,54,49],"class_list":{"0":"post-900","1":"product","2":"type-product","3":"status-publish","4":"has-post-thumbnail","6":"product_cat-ceremonia-de-te","7":"product_cat-tazas-de-te-ceremonia-de-te","8":"product_tag-ceremonia-de-te","9":"product_tag-juego-de-te","10":"product_tag-taza-de-te","12":"first","13":"instock","14":"shipping-taxable","15":"purchasable","16":"product-type-simple"},"jetpack_sharing_enabled":true,"_links":{"self":[{"href":"https:\/\/theteahousestore.com\/index.php\/wp-json\/wp\/v2\/product\/900","targetHints":{"allow":["GET"]}}],"collection":[{"href":"https:\/\/theteahousestore.com\/index.php\/wp-json\/wp\/v2\/product"}],"about":[{"href":"https:\/\/theteahousestore.com\/index.php\/wp-json\/wp\/v2\/types\/product"}],"replies":[{"embeddable":true,"href":"https:\/\/theteahousestore.com\/index.php\/wp-json\/wp\/v2\/comments?post=900"}],"wp:featuredmedia":[{"embeddable":true,"href":"https:\/\/theteahousestore.com\/index.php\/wp-json\/wp\/v2\/media\/851"}],"wp:attachment":[{"href":"https:\/\/theteahousestore.com\/index.php\/wp-json\/wp\/v2\/media?parent=900"}],"wp:term":[{"taxonomy":"product_brand","embeddable":true,"href":"https:\/\/theteahousestore.com\/index.php\/wp-json\/wp\/v2\/product_brand?post=900"},{"taxonomy":"product_cat","embeddable":true,"href":"https:\/\/theteahousestore.com\/index.php\/wp-json\/wp\/v2\/product_cat?post=900"},{"taxonomy":"product_tag","embeddable":true,"href":"https:\/\/theteahousestore.com\/index.php\/wp-json\/wp\/v2\/product_tag?post=900"}],"curies":[{"name":"wp","href":"https:\/\/api.w.org\/{rel}","templated":true}]}}