{"id":895,"date":"2023-07-31T10:55:28","date_gmt":"2023-07-31T08:55:28","guid":{"rendered":"https:\/\/theteahousestore.com\/?post_type=product&#038;p=895"},"modified":"2023-07-31T10:55:28","modified_gmt":"2023-07-31T08:55:28","slug":"taza-de-te-con-dibujos","status":"publish","type":"product","link":"https:\/\/theteahousestore.com\/index.php\/product\/taza-de-te-con-dibujos\/","title":{"rendered":"TAZA DE T\u00c9 CON DIBUJOS \u6c34\u5f69\u7279\u4ef7\u676f"},"content":{"rendered":"<p>es una taza de t\u00e9 decorada con dise\u00f1os en estilo acuarela, que le otorgan un aspecto art\u00edstico y est\u00e9tico. Es perfecta para aquellos que aprecian la belleza visual mientras disfrutan de su t\u00e9 y puede ser utilizada en diversas ocasiones, tanto para uso personal como para regalar a alguien especial.<\/p>\n","protected":false},"excerpt":{"rendered":"<p>es una taza de t\u00e9 decorada con dise\u00f1os en estilo acuarela, que le otorgan un aspecto art\u00edstico y est\u00e9tico. Es perfecta para aquellos que aprecian la belleza visual mientras disfrutan de su t\u00e9 y puede ser utilizada en diversas ocasiones, tanto para uso personal como para regalar a alguien especial.<\/p>\n","protected":false},"featured_media":848,"comment_status":"open","ping_status":"closed","template":"","meta":[],"product_brand":[],"product_cat":[45,48],"product_tag":[53,54,49],"class_list":{"0":"post-895","1":"product","2":"type-product","3":"status-publish","4":"has-post-thumbnail","6":"product_cat-ceremonia-de-te","7":"product_cat-tazas-de-te-ceremonia-de-te","8":"product_tag-ceremonia-de-te","9":"product_tag-juego-de-te","10":"product_tag-taza-de-te","12":"first","13":"instock","14":"shipping-taxable","15":"purchasable","16":"product-type-simple"},"jetpack_sharing_enabled":true,"_links":{"self":[{"href":"https:\/\/theteahousestore.com\/index.php\/wp-json\/wp\/v2\/product\/895","targetHints":{"allow":["GET"]}}],"collection":[{"href":"https:\/\/theteahousestore.com\/index.php\/wp-json\/wp\/v2\/product"}],"about":[{"href":"https:\/\/theteahousestore.com\/index.php\/wp-json\/wp\/v2\/types\/product"}],"replies":[{"embeddable":true,"href":"https:\/\/theteahousestore.com\/index.php\/wp-json\/wp\/v2\/comments?post=895"}],"wp:featuredmedia":[{"embeddable":true,"href":"https:\/\/theteahousestore.com\/index.php\/wp-json\/wp\/v2\/media\/848"}],"wp:attachment":[{"href":"https:\/\/theteahousestore.com\/index.php\/wp-json\/wp\/v2\/media?parent=895"}],"wp:term":[{"taxonomy":"product_brand","embeddable":true,"href":"https:\/\/theteahousestore.com\/index.php\/wp-json\/wp\/v2\/product_brand?post=895"},{"taxonomy":"product_cat","embeddable":true,"href":"https:\/\/theteahousestore.com\/index.php\/wp-json\/wp\/v2\/product_cat?post=895"},{"taxonomy":"product_tag","embeddable":true,"href":"https:\/\/theteahousestore.com\/index.php\/wp-json\/wp\/v2\/product_tag?post=895"}],"curies":[{"name":"wp","href":"https:\/\/api.w.org\/{rel}","templated":true}]}}