{"id":894,"date":"2023-07-31T10:48:43","date_gmt":"2023-07-31T08:48:43","guid":{"rendered":"https:\/\/theteahousestore.com\/?post_type=product&#038;p=894"},"modified":"2023-07-31T10:48:44","modified_gmt":"2023-07-31T08:48:44","slug":"taza-de-te-de-zen","status":"publish","type":"product","link":"https:\/\/theteahousestore.com\/index.php\/product\/taza-de-te-de-zen\/","title":{"rendered":"TAZA DE T\u00c9 DE ZEN\u7389\u7985\u4e00\u5473\u5355\u676f"},"content":{"rendered":"<p>es una taza de t\u00e9 dise\u00f1ada para transmitir la esencia del Zen y fomentar una experiencia de t\u00e9 m\u00e1s contemplativa y consciente. Su dise\u00f1o simple y elegante se enfoca en la calma y la meditaci\u00f3n, lo que la hace ideal para momentos de tranquilidad y reflexi\u00f3n al disfrutar del t\u00e9.<\/p>\n","protected":false},"excerpt":{"rendered":"<p>es una taza de t\u00e9 dise\u00f1ada para transmitir la esencia del Zen y fomentar una experiencia de t\u00e9 m\u00e1s contemplativa y consciente. Su dise\u00f1o simple y elegante se enfoca en la calma y la meditaci\u00f3n, lo que la hace ideal para momentos de tranquilidad y reflexi\u00f3n al disfrutar del t\u00e9.<\/p>\n","protected":false},"featured_media":845,"comment_status":"open","ping_status":"closed","template":"","meta":[],"product_brand":[],"product_cat":[45,48],"product_tag":[53,54,49],"class_list":{"0":"post-894","1":"product","2":"type-product","3":"status-publish","4":"has-post-thumbnail","6":"product_cat-ceremonia-de-te","7":"product_cat-tazas-de-te-ceremonia-de-te","8":"product_tag-ceremonia-de-te","9":"product_tag-juego-de-te","10":"product_tag-taza-de-te","12":"first","13":"instock","14":"shipping-taxable","15":"purchasable","16":"product-type-simple"},"jetpack_sharing_enabled":true,"_links":{"self":[{"href":"https:\/\/theteahousestore.com\/index.php\/wp-json\/wp\/v2\/product\/894","targetHints":{"allow":["GET"]}}],"collection":[{"href":"https:\/\/theteahousestore.com\/index.php\/wp-json\/wp\/v2\/product"}],"about":[{"href":"https:\/\/theteahousestore.com\/index.php\/wp-json\/wp\/v2\/types\/product"}],"replies":[{"embeddable":true,"href":"https:\/\/theteahousestore.com\/index.php\/wp-json\/wp\/v2\/comments?post=894"}],"wp:featuredmedia":[{"embeddable":true,"href":"https:\/\/theteahousestore.com\/index.php\/wp-json\/wp\/v2\/media\/845"}],"wp:attachment":[{"href":"https:\/\/theteahousestore.com\/index.php\/wp-json\/wp\/v2\/media?parent=894"}],"wp:term":[{"taxonomy":"product_brand","embeddable":true,"href":"https:\/\/theteahousestore.com\/index.php\/wp-json\/wp\/v2\/product_brand?post=894"},{"taxonomy":"product_cat","embeddable":true,"href":"https:\/\/theteahousestore.com\/index.php\/wp-json\/wp\/v2\/product_cat?post=894"},{"taxonomy":"product_tag","embeddable":true,"href":"https:\/\/theteahousestore.com\/index.php\/wp-json\/wp\/v2\/product_tag?post=894"}],"curies":[{"name":"wp","href":"https:\/\/api.w.org\/{rel}","templated":true}]}}