{"id":893,"date":"2023-07-31T10:42:39","date_gmt":"2023-07-31T08:42:39","guid":{"rendered":"https:\/\/theteahousestore.com\/?post_type=product&#038;p=893"},"modified":"2023-07-31T10:42:39","modified_gmt":"2023-07-31T08:42:39","slug":"taza-de-te-de-loto-boca-ancha","status":"publish","type":"product","link":"https:\/\/theteahousestore.com\/index.php\/product\/taza-de-te-de-loto-boca-ancha\/","title":{"rendered":"TAZA DE T\u00c9 DE LOTO BOCA ANCHA \u96e8\u4e2d\u5999\u9999\u53cd\u53e3\u5c0f\u676f"},"content":{"rendered":"<p>es una taza de t\u00e9 con una boca ancha que recuerda a la elegante flor de loto. Su dise\u00f1o y nombre po\u00e9tico evocan im\u00e1genes de belleza y fragancia en medio de la lluvia, lo que a\u00f1ade un toque especial a la experiencia de beber t\u00e9.<\/p>\n","protected":false},"excerpt":{"rendered":"<p>es una taza de t\u00e9 con una boca ancha que recuerda a la elegante flor de loto. Su dise\u00f1o y nombre po\u00e9tico evocan im\u00e1genes de belleza y fragancia en medio de la lluvia, lo que a\u00f1ade un toque especial a la experiencia de beber t\u00e9.<\/p>\n","protected":false},"featured_media":849,"comment_status":"open","ping_status":"closed","template":"","meta":[],"product_brand":[],"product_cat":[45,48],"product_tag":[53,54,49],"class_list":{"0":"post-893","1":"product","2":"type-product","3":"status-publish","4":"has-post-thumbnail","6":"product_cat-ceremonia-de-te","7":"product_cat-tazas-de-te-ceremonia-de-te","8":"product_tag-ceremonia-de-te","9":"product_tag-juego-de-te","10":"product_tag-taza-de-te","12":"first","13":"instock","14":"shipping-taxable","15":"purchasable","16":"product-type-simple"},"jetpack_sharing_enabled":true,"_links":{"self":[{"href":"https:\/\/theteahousestore.com\/index.php\/wp-json\/wp\/v2\/product\/893","targetHints":{"allow":["GET"]}}],"collection":[{"href":"https:\/\/theteahousestore.com\/index.php\/wp-json\/wp\/v2\/product"}],"about":[{"href":"https:\/\/theteahousestore.com\/index.php\/wp-json\/wp\/v2\/types\/product"}],"replies":[{"embeddable":true,"href":"https:\/\/theteahousestore.com\/index.php\/wp-json\/wp\/v2\/comments?post=893"}],"wp:featuredmedia":[{"embeddable":true,"href":"https:\/\/theteahousestore.com\/index.php\/wp-json\/wp\/v2\/media\/849"}],"wp:attachment":[{"href":"https:\/\/theteahousestore.com\/index.php\/wp-json\/wp\/v2\/media?parent=893"}],"wp:term":[{"taxonomy":"product_brand","embeddable":true,"href":"https:\/\/theteahousestore.com\/index.php\/wp-json\/wp\/v2\/product_brand?post=893"},{"taxonomy":"product_cat","embeddable":true,"href":"https:\/\/theteahousestore.com\/index.php\/wp-json\/wp\/v2\/product_cat?post=893"},{"taxonomy":"product_tag","embeddable":true,"href":"https:\/\/theteahousestore.com\/index.php\/wp-json\/wp\/v2\/product_tag?post=893"}],"curies":[{"name":"wp","href":"https:\/\/api.w.org\/{rel}","templated":true}]}}