{"id":891,"date":"2023-07-29T19:31:48","date_gmt":"2023-07-29T17:31:48","guid":{"rendered":"https:\/\/theteahousestore.com\/?post_type=product&#038;p=891"},"modified":"2024-01-20T21:41:53","modified_gmt":"2024-01-20T20:41:53","slug":"taza-de-te-con-linea-de-oro","status":"publish","type":"product","link":"https:\/\/theteahousestore.com\/index.php\/product\/taza-de-te-con-linea-de-oro\/","title":{"rendered":"TAZA DE T\u00c9 CON L\u00cdNEA DE ORO \u5b9d\u77f3\u9ec4\u91d1\u7ebf\u5706\u53e3\u676f"},"content":{"rendered":"<p>es una elegante taza de t\u00e9 que destaca por su dise\u00f1o sofisticado y la incorporaci\u00f3n de una l\u00ednea de oro en su borde o en alg\u00fan otro elemento decorativo. Esta l\u00ednea de oro aporta un toque de lujo y refinamiento a la taza, haci\u00e9ndola lucir m\u00e1s exclusiva y especial.<\/p>\n","protected":false},"excerpt":{"rendered":"<p>es una elegante taza de t\u00e9 que destaca por su dise\u00f1o sofisticado y la incorporaci\u00f3n de una l\u00ednea de oro en su borde o en alg\u00fan otro elemento decorativo. Esta l\u00ednea de oro aporta un toque de lujo y refinamiento a la taza, haci\u00e9ndola lucir m\u00e1s exclusiva y especial.<\/p>\n","protected":false},"featured_media":839,"comment_status":"open","ping_status":"closed","template":"","meta":[],"product_brand":[],"product_cat":[45,48],"product_tag":[53,54,49],"class_list":{"0":"post-891","1":"product","2":"type-product","3":"status-publish","4":"has-post-thumbnail","6":"product_cat-ceremonia-de-te","7":"product_cat-tazas-de-te-ceremonia-de-te","8":"product_tag-ceremonia-de-te","9":"product_tag-juego-de-te","10":"product_tag-taza-de-te","12":"first","13":"instock","14":"shipping-taxable","15":"purchasable","16":"product-type-simple"},"jetpack_sharing_enabled":true,"_links":{"self":[{"href":"https:\/\/theteahousestore.com\/index.php\/wp-json\/wp\/v2\/product\/891","targetHints":{"allow":["GET"]}}],"collection":[{"href":"https:\/\/theteahousestore.com\/index.php\/wp-json\/wp\/v2\/product"}],"about":[{"href":"https:\/\/theteahousestore.com\/index.php\/wp-json\/wp\/v2\/types\/product"}],"replies":[{"embeddable":true,"href":"https:\/\/theteahousestore.com\/index.php\/wp-json\/wp\/v2\/comments?post=891"}],"wp:featuredmedia":[{"embeddable":true,"href":"https:\/\/theteahousestore.com\/index.php\/wp-json\/wp\/v2\/media\/839"}],"wp:attachment":[{"href":"https:\/\/theteahousestore.com\/index.php\/wp-json\/wp\/v2\/media?parent=891"}],"wp:term":[{"taxonomy":"product_brand","embeddable":true,"href":"https:\/\/theteahousestore.com\/index.php\/wp-json\/wp\/v2\/product_brand?post=891"},{"taxonomy":"product_cat","embeddable":true,"href":"https:\/\/theteahousestore.com\/index.php\/wp-json\/wp\/v2\/product_cat?post=891"},{"taxonomy":"product_tag","embeddable":true,"href":"https:\/\/theteahousestore.com\/index.php\/wp-json\/wp\/v2\/product_tag?post=891"}],"curies":[{"name":"wp","href":"https:\/\/api.w.org\/{rel}","templated":true}]}}