{"id":890,"date":"2023-07-29T19:29:13","date_gmt":"2023-07-29T17:29:13","guid":{"rendered":"https:\/\/theteahousestore.com\/?post_type=product&#038;p=890"},"modified":"2023-07-29T19:29:13","modified_gmt":"2023-07-29T17:29:13","slug":"taza-de-te-con-sello","status":"publish","type":"product","link":"https:\/\/theteahousestore.com\/index.php\/product\/taza-de-te-con-sello\/","title":{"rendered":"TAZA DE T\u00c9 CON SELLO \u5370\u7ae0\u7279\u4ef7\u676f"},"content":{"rendered":"<p>es una taza de t\u00e9 especial que presenta un dise\u00f1o \u00fanico con un sello o estampado impreso en ella. Este sello puede ser de diversas formas y patrones, y suele ser un s\u00edmbolo o un car\u00e1cter chino que tiene un significado especial.<\/p>\n","protected":false},"excerpt":{"rendered":"<p>es una taza de t\u00e9 especial que presenta un dise\u00f1o \u00fanico con un sello o estampado impreso en ella. Este sello puede ser de diversas formas y patrones, y suele ser un s\u00edmbolo o un car\u00e1cter chino que tiene un significado especial.<\/p>\n","protected":false},"featured_media":840,"comment_status":"open","ping_status":"closed","template":"","meta":[],"product_brand":[],"product_cat":[45,48],"product_tag":[53,54,49],"class_list":{"0":"post-890","1":"product","2":"type-product","3":"status-publish","4":"has-post-thumbnail","6":"product_cat-ceremonia-de-te","7":"product_cat-tazas-de-te-ceremonia-de-te","8":"product_tag-ceremonia-de-te","9":"product_tag-juego-de-te","10":"product_tag-taza-de-te","12":"first","13":"instock","14":"shipping-taxable","15":"purchasable","16":"product-type-simple"},"jetpack_sharing_enabled":true,"_links":{"self":[{"href":"https:\/\/theteahousestore.com\/index.php\/wp-json\/wp\/v2\/product\/890","targetHints":{"allow":["GET"]}}],"collection":[{"href":"https:\/\/theteahousestore.com\/index.php\/wp-json\/wp\/v2\/product"}],"about":[{"href":"https:\/\/theteahousestore.com\/index.php\/wp-json\/wp\/v2\/types\/product"}],"replies":[{"embeddable":true,"href":"https:\/\/theteahousestore.com\/index.php\/wp-json\/wp\/v2\/comments?post=890"}],"wp:featuredmedia":[{"embeddable":true,"href":"https:\/\/theteahousestore.com\/index.php\/wp-json\/wp\/v2\/media\/840"}],"wp:attachment":[{"href":"https:\/\/theteahousestore.com\/index.php\/wp-json\/wp\/v2\/media?parent=890"}],"wp:term":[{"taxonomy":"product_brand","embeddable":true,"href":"https:\/\/theteahousestore.com\/index.php\/wp-json\/wp\/v2\/product_brand?post=890"},{"taxonomy":"product_cat","embeddable":true,"href":"https:\/\/theteahousestore.com\/index.php\/wp-json\/wp\/v2\/product_cat?post=890"},{"taxonomy":"product_tag","embeddable":true,"href":"https:\/\/theteahousestore.com\/index.php\/wp-json\/wp\/v2\/product_tag?post=890"}],"curies":[{"name":"wp","href":"https:\/\/api.w.org\/{rel}","templated":true}]}}