{"id":883,"date":"2023-07-29T17:45:55","date_gmt":"2023-07-29T15:45:55","guid":{"rendered":"https:\/\/theteahousestore.com\/?post_type=product&#038;p=883"},"modified":"2023-07-29T17:45:55","modified_gmt":"2023-07-29T15:45:55","slug":"taza-de-te-con-decoracion-flores","status":"publish","type":"product","link":"https:\/\/theteahousestore.com\/index.php\/product\/taza-de-te-con-decoracion-flores\/","title":{"rendered":"TAZA DE T\u00c9 CON DECORACION FLORES \u82b1\u9e1f\u5e73\u53e3\u676f"},"content":{"rendered":"<p>es una opci\u00f3n encantadora para aquellos que aprecian la belleza de la naturaleza y el arte chino en su experiencia de t\u00e9. Su dise\u00f1o art\u00edstico y significado simb\u00f3lico la convierten en una taza especial que puede ser apreciada tanto por su funcionalidad como por su belleza est\u00e9tica.<\/p>\n","protected":false},"excerpt":{"rendered":"<p>es una opci\u00f3n encantadora para aquellos que aprecian la belleza de la naturaleza y el arte chino en su experiencia de t\u00e9. Su dise\u00f1o art\u00edstico y significado simb\u00f3lico la convierten en una taza especial que puede ser apreciada tanto por su funcionalidad como por su belleza est\u00e9tica.<\/p>\n","protected":false},"featured_media":836,"comment_status":"open","ping_status":"closed","template":"","meta":[],"product_brand":[],"product_cat":[45,48],"product_tag":[53,54,49],"class_list":{"0":"post-883","1":"product","2":"type-product","3":"status-publish","4":"has-post-thumbnail","6":"product_cat-ceremonia-de-te","7":"product_cat-tazas-de-te-ceremonia-de-te","8":"product_tag-ceremonia-de-te","9":"product_tag-juego-de-te","10":"product_tag-taza-de-te","12":"first","13":"instock","14":"shipping-taxable","15":"purchasable","16":"product-type-simple"},"jetpack_sharing_enabled":true,"_links":{"self":[{"href":"https:\/\/theteahousestore.com\/index.php\/wp-json\/wp\/v2\/product\/883","targetHints":{"allow":["GET"]}}],"collection":[{"href":"https:\/\/theteahousestore.com\/index.php\/wp-json\/wp\/v2\/product"}],"about":[{"href":"https:\/\/theteahousestore.com\/index.php\/wp-json\/wp\/v2\/types\/product"}],"replies":[{"embeddable":true,"href":"https:\/\/theteahousestore.com\/index.php\/wp-json\/wp\/v2\/comments?post=883"}],"wp:featuredmedia":[{"embeddable":true,"href":"https:\/\/theteahousestore.com\/index.php\/wp-json\/wp\/v2\/media\/836"}],"wp:attachment":[{"href":"https:\/\/theteahousestore.com\/index.php\/wp-json\/wp\/v2\/media?parent=883"}],"wp:term":[{"taxonomy":"product_brand","embeddable":true,"href":"https:\/\/theteahousestore.com\/index.php\/wp-json\/wp\/v2\/product_brand?post=883"},{"taxonomy":"product_cat","embeddable":true,"href":"https:\/\/theteahousestore.com\/index.php\/wp-json\/wp\/v2\/product_cat?post=883"},{"taxonomy":"product_tag","embeddable":true,"href":"https:\/\/theteahousestore.com\/index.php\/wp-json\/wp\/v2\/product_tag?post=883"}],"curies":[{"name":"wp","href":"https:\/\/api.w.org\/{rel}","templated":true}]}}