{"id":882,"date":"2023-07-29T17:43:41","date_gmt":"2023-07-29T15:43:41","guid":{"rendered":"https:\/\/theteahousestore.com\/?post_type=product&#038;p=882"},"modified":"2023-07-29T17:43:41","modified_gmt":"2023-07-29T15:43:41","slug":"taza-de-te-con-loto","status":"publish","type":"product","link":"https:\/\/theteahousestore.com\/index.php\/product\/taza-de-te-con-loto\/","title":{"rendered":"TAZA DE T\u00c9 CON LOTO \u8377\u82b1\u7279\u4ef7\u676f"},"content":{"rendered":"<p>es una taza de t\u00e9 con un dise\u00f1o delicado y significado simb\u00f3lico. Es perfecta para aquellos que aprecian la belleza del loto y su significado espiritual, as\u00ed como para aquellos que desean disfrutar de una taza de t\u00e9 con un toque art\u00edstico y especial.<\/p>\n","protected":false},"excerpt":{"rendered":"<p>es una taza de t\u00e9 con un dise\u00f1o delicado y significado simb\u00f3lico. Es perfecta para aquellos que aprecian la belleza del loto y su significado espiritual, as\u00ed como para aquellos que desean disfrutar de una taza de t\u00e9 con un toque art\u00edstico y especial.<\/p>\n","protected":false},"featured_media":834,"comment_status":"open","ping_status":"closed","template":"","meta":[],"product_brand":[],"product_cat":[45,48],"product_tag":[53,54,49],"class_list":{"0":"post-882","1":"product","2":"type-product","3":"status-publish","4":"has-post-thumbnail","6":"product_cat-ceremonia-de-te","7":"product_cat-tazas-de-te-ceremonia-de-te","8":"product_tag-ceremonia-de-te","9":"product_tag-juego-de-te","10":"product_tag-taza-de-te","12":"first","13":"instock","14":"shipping-taxable","15":"purchasable","16":"product-type-simple"},"jetpack_sharing_enabled":true,"_links":{"self":[{"href":"https:\/\/theteahousestore.com\/index.php\/wp-json\/wp\/v2\/product\/882","targetHints":{"allow":["GET"]}}],"collection":[{"href":"https:\/\/theteahousestore.com\/index.php\/wp-json\/wp\/v2\/product"}],"about":[{"href":"https:\/\/theteahousestore.com\/index.php\/wp-json\/wp\/v2\/types\/product"}],"replies":[{"embeddable":true,"href":"https:\/\/theteahousestore.com\/index.php\/wp-json\/wp\/v2\/comments?post=882"}],"wp:featuredmedia":[{"embeddable":true,"href":"https:\/\/theteahousestore.com\/index.php\/wp-json\/wp\/v2\/media\/834"}],"wp:attachment":[{"href":"https:\/\/theteahousestore.com\/index.php\/wp-json\/wp\/v2\/media?parent=882"}],"wp:term":[{"taxonomy":"product_brand","embeddable":true,"href":"https:\/\/theteahousestore.com\/index.php\/wp-json\/wp\/v2\/product_brand?post=882"},{"taxonomy":"product_cat","embeddable":true,"href":"https:\/\/theteahousestore.com\/index.php\/wp-json\/wp\/v2\/product_cat?post=882"},{"taxonomy":"product_tag","embeddable":true,"href":"https:\/\/theteahousestore.com\/index.php\/wp-json\/wp\/v2\/product_tag?post=882"}],"curies":[{"name":"wp","href":"https:\/\/api.w.org\/{rel}","templated":true}]}}