{"id":879,"date":"2023-07-29T16:36:13","date_gmt":"2023-07-29T14:36:13","guid":{"rendered":"https:\/\/theteahousestore.com\/?post_type=product&#038;p=879"},"modified":"2023-07-29T16:36:13","modified_gmt":"2023-07-29T14:36:13","slug":"taza-de-te-con-loto-colorado","status":"publish","type":"product","link":"https:\/\/theteahousestore.com\/index.php\/product\/taza-de-te-con-loto-colorado\/","title":{"rendered":"TAZA DE T\u00c9 CON LOTO COLORADO \u666f\u5fb7\u4e07\u82b1\u676f"},"content":{"rendered":"<p>es una taza de t\u00e9 excepcionalmente hermosa que captura la gracia y el simbolismo del loto rojo. Su calidad artesanal y su significado cultural la hacen especial y apreciada por los amantes del t\u00e9 y los coleccionistas de cer\u00e1mica. Es una elecci\u00f3n perfecta para disfrutar de una experiencia de t\u00e9 aut\u00e9ntica y elegante, y sin duda es una adici\u00f3n valiosa a cualquier colecci\u00f3n de tazas de t\u00e9.<\/p>\n","protected":false},"excerpt":{"rendered":"<p>es una taza de t\u00e9 excepcionalmente hermosa que captura la gracia y el simbolismo del loto rojo. Su calidad artesanal y su significado cultural la hacen especial y apreciada por los amantes del t\u00e9 y los coleccionistas de cer\u00e1mica. Es una elecci\u00f3n perfecta para disfrutar de una experiencia de t\u00e9 aut\u00e9ntica y elegante, y sin duda es una adici\u00f3n valiosa a cualquier colecci\u00f3n de tazas de t\u00e9.<\/p>\n","protected":false},"featured_media":830,"comment_status":"open","ping_status":"closed","template":"","meta":[],"product_brand":[],"product_cat":[45,48],"product_tag":[53,54,49],"class_list":{"0":"post-879","1":"product","2":"type-product","3":"status-publish","4":"has-post-thumbnail","6":"product_cat-ceremonia-de-te","7":"product_cat-tazas-de-te-ceremonia-de-te","8":"product_tag-ceremonia-de-te","9":"product_tag-juego-de-te","10":"product_tag-taza-de-te","12":"first","13":"instock","14":"shipping-taxable","15":"purchasable","16":"product-type-simple"},"jetpack_sharing_enabled":true,"_links":{"self":[{"href":"https:\/\/theteahousestore.com\/index.php\/wp-json\/wp\/v2\/product\/879","targetHints":{"allow":["GET"]}}],"collection":[{"href":"https:\/\/theteahousestore.com\/index.php\/wp-json\/wp\/v2\/product"}],"about":[{"href":"https:\/\/theteahousestore.com\/index.php\/wp-json\/wp\/v2\/types\/product"}],"replies":[{"embeddable":true,"href":"https:\/\/theteahousestore.com\/index.php\/wp-json\/wp\/v2\/comments?post=879"}],"wp:featuredmedia":[{"embeddable":true,"href":"https:\/\/theteahousestore.com\/index.php\/wp-json\/wp\/v2\/media\/830"}],"wp:attachment":[{"href":"https:\/\/theteahousestore.com\/index.php\/wp-json\/wp\/v2\/media?parent=879"}],"wp:term":[{"taxonomy":"product_brand","embeddable":true,"href":"https:\/\/theteahousestore.com\/index.php\/wp-json\/wp\/v2\/product_brand?post=879"},{"taxonomy":"product_cat","embeddable":true,"href":"https:\/\/theteahousestore.com\/index.php\/wp-json\/wp\/v2\/product_cat?post=879"},{"taxonomy":"product_tag","embeddable":true,"href":"https:\/\/theteahousestore.com\/index.php\/wp-json\/wp\/v2\/product_tag?post=879"}],"curies":[{"name":"wp","href":"https:\/\/api.w.org\/{rel}","templated":true}]}}