{"id":878,"date":"2023-07-29T16:32:08","date_gmt":"2023-07-29T14:32:08","guid":{"rendered":"https:\/\/theteahousestore.com\/?post_type=product&#038;p=878"},"modified":"2023-08-08T11:12:17","modified_gmt":"2023-08-08T09:12:17","slug":"taza-de-te-con-orquidea","status":"publish","type":"product","link":"https:\/\/theteahousestore.com\/index.php\/product\/taza-de-te-con-orquidea\/","title":{"rendered":"TAZA DE T\u00c9 CON ORQU\u00cdDEA \u6307\u767b\u5170\u85e4\u82b1\u676f"},"content":{"rendered":"<p>es una pieza de cer\u00e1mica \u00fanica y hermosa que celebra la elegancia y la belleza de las orqu\u00eddeas. Su dise\u00f1o detallado y su simbolismo especial la convierten en una joya art\u00edstica que seguro ser\u00e1 apreciada por los amantes del t\u00e9 y los aficionados a la belleza natural.<\/p>\n","protected":false},"excerpt":{"rendered":"<p>es una pieza de cer\u00e1mica \u00fanica y hermosa que celebra la elegancia y la belleza de las orqu\u00eddeas. Su dise\u00f1o detallado y su simbolismo especial la convierten en una joya art\u00edstica que seguro ser\u00e1 apreciada por los amantes del t\u00e9 y los aficionados a la belleza natural.<\/p>\n","protected":false},"featured_media":832,"comment_status":"open","ping_status":"closed","template":"","meta":[],"product_brand":[],"product_cat":[45,48],"product_tag":[53,54,49],"class_list":{"0":"post-878","1":"product","2":"type-product","3":"status-publish","4":"has-post-thumbnail","6":"product_cat-ceremonia-de-te","7":"product_cat-tazas-de-te-ceremonia-de-te","8":"product_tag-ceremonia-de-te","9":"product_tag-juego-de-te","10":"product_tag-taza-de-te","12":"first","13":"instock","14":"shipping-taxable","15":"purchasable","16":"product-type-simple"},"jetpack_sharing_enabled":true,"_links":{"self":[{"href":"https:\/\/theteahousestore.com\/index.php\/wp-json\/wp\/v2\/product\/878","targetHints":{"allow":["GET"]}}],"collection":[{"href":"https:\/\/theteahousestore.com\/index.php\/wp-json\/wp\/v2\/product"}],"about":[{"href":"https:\/\/theteahousestore.com\/index.php\/wp-json\/wp\/v2\/types\/product"}],"replies":[{"embeddable":true,"href":"https:\/\/theteahousestore.com\/index.php\/wp-json\/wp\/v2\/comments?post=878"}],"wp:featuredmedia":[{"embeddable":true,"href":"https:\/\/theteahousestore.com\/index.php\/wp-json\/wp\/v2\/media\/832"}],"wp:attachment":[{"href":"https:\/\/theteahousestore.com\/index.php\/wp-json\/wp\/v2\/media?parent=878"}],"wp:term":[{"taxonomy":"product_brand","embeddable":true,"href":"https:\/\/theteahousestore.com\/index.php\/wp-json\/wp\/v2\/product_brand?post=878"},{"taxonomy":"product_cat","embeddable":true,"href":"https:\/\/theteahousestore.com\/index.php\/wp-json\/wp\/v2\/product_cat?post=878"},{"taxonomy":"product_tag","embeddable":true,"href":"https:\/\/theteahousestore.com\/index.php\/wp-json\/wp\/v2\/product_tag?post=878"}],"curies":[{"name":"wp","href":"https:\/\/api.w.org\/{rel}","templated":true}]}}