{"id":874,"date":"2023-07-29T10:58:04","date_gmt":"2023-07-29T08:58:04","guid":{"rendered":"https:\/\/theteahousestore.com\/?post_type=product&#038;p=874"},"modified":"2023-07-29T10:58:04","modified_gmt":"2023-07-29T08:58:04","slug":"taza-de-te-con-tapa-y-plato-de-peonia","status":"publish","type":"product","link":"https:\/\/theteahousestore.com\/index.php\/product\/taza-de-te-con-tapa-y-plato-de-peonia\/","title":{"rendered":"TAZA DE T\u00c9 CON TAPA Y PLATO DE PEON\u00cdA \u8272\u571f\u7261\u4e39\u76d6\u7897"},"content":{"rendered":"<p>es una pieza de cer\u00e1mica delicada y simb\u00f3lica que celebra la belleza y el significado de la peon\u00eda en la cultura china. Es una elecci\u00f3n encantadora para aquellos que desean tener una experiencia de t\u00e9 inspirada en la naturaleza y llena de elegancia y simbolismo.<\/p>\n","protected":false},"excerpt":{"rendered":"<p>es una pieza de cer\u00e1mica delicada y simb\u00f3lica que celebra la belleza y el significado de la peon\u00eda en la cultura china. Es una elecci\u00f3n encantadora para aquellos que desean tener una experiencia de t\u00e9 inspirada en la naturaleza y llena de elegancia y simbolismo.<\/p>\n","protected":false},"featured_media":821,"comment_status":"open","ping_status":"closed","template":"","meta":[],"product_brand":[],"product_cat":[45,48],"product_tag":[53,54,49],"class_list":{"0":"post-874","1":"product","2":"type-product","3":"status-publish","4":"has-post-thumbnail","6":"product_cat-ceremonia-de-te","7":"product_cat-tazas-de-te-ceremonia-de-te","8":"product_tag-ceremonia-de-te","9":"product_tag-juego-de-te","10":"product_tag-taza-de-te","12":"first","13":"instock","14":"shipping-taxable","15":"purchasable","16":"product-type-simple"},"jetpack_sharing_enabled":true,"_links":{"self":[{"href":"https:\/\/theteahousestore.com\/index.php\/wp-json\/wp\/v2\/product\/874","targetHints":{"allow":["GET"]}}],"collection":[{"href":"https:\/\/theteahousestore.com\/index.php\/wp-json\/wp\/v2\/product"}],"about":[{"href":"https:\/\/theteahousestore.com\/index.php\/wp-json\/wp\/v2\/types\/product"}],"replies":[{"embeddable":true,"href":"https:\/\/theteahousestore.com\/index.php\/wp-json\/wp\/v2\/comments?post=874"}],"wp:featuredmedia":[{"embeddable":true,"href":"https:\/\/theteahousestore.com\/index.php\/wp-json\/wp\/v2\/media\/821"}],"wp:attachment":[{"href":"https:\/\/theteahousestore.com\/index.php\/wp-json\/wp\/v2\/media?parent=874"}],"wp:term":[{"taxonomy":"product_brand","embeddable":true,"href":"https:\/\/theteahousestore.com\/index.php\/wp-json\/wp\/v2\/product_brand?post=874"},{"taxonomy":"product_cat","embeddable":true,"href":"https:\/\/theteahousestore.com\/index.php\/wp-json\/wp\/v2\/product_cat?post=874"},{"taxonomy":"product_tag","embeddable":true,"href":"https:\/\/theteahousestore.com\/index.php\/wp-json\/wp\/v2\/product_tag?post=874"}],"curies":[{"name":"wp","href":"https:\/\/api.w.org\/{rel}","templated":true}]}}