{"id":873,"date":"2023-07-29T10:55:46","date_gmt":"2023-07-29T08:55:46","guid":{"rendered":"https:\/\/theteahousestore.com\/?post_type=product&#038;p=873"},"modified":"2023-07-29T10:55:46","modified_gmt":"2023-07-29T08:55:46","slug":"taza-de-te-con-tapa-y-plato-con-letra-te","status":"publish","type":"product","link":"https:\/\/theteahousestore.com\/index.php\/product\/taza-de-te-con-tapa-y-plato-con-letra-te\/","title":{"rendered":"TAZA DE T\u00c9 CON TAPA Y PLATO CON LETRA T\u00c9  \u8336\u5b57\u76d6\u7897"},"content":{"rendered":"<p>es una elegante y peculiar pieza de cer\u00e1mica utilizada para la preparaci\u00f3n y el consumo de t\u00e9, que se destaca por llevar la letra china \u00ab\u8336\u00bb (t\u00e9) en su dise\u00f1o.<\/p>\n","protected":false},"excerpt":{"rendered":"<p>es una elegante y peculiar pieza de cer\u00e1mica utilizada para la preparaci\u00f3n y el consumo de t\u00e9, que se destaca por llevar la letra china \u00ab\u8336\u00bb (t\u00e9) en su dise\u00f1o.<\/p>\n","protected":false},"featured_media":822,"comment_status":"open","ping_status":"closed","template":"","meta":[],"product_brand":[],"product_cat":[45,48],"product_tag":[53,54,49],"class_list":{"0":"post-873","1":"product","2":"type-product","3":"status-publish","4":"has-post-thumbnail","6":"product_cat-ceremonia-de-te","7":"product_cat-tazas-de-te-ceremonia-de-te","8":"product_tag-ceremonia-de-te","9":"product_tag-juego-de-te","10":"product_tag-taza-de-te","12":"first","13":"instock","14":"shipping-taxable","15":"purchasable","16":"product-type-simple"},"jetpack_sharing_enabled":true,"_links":{"self":[{"href":"https:\/\/theteahousestore.com\/index.php\/wp-json\/wp\/v2\/product\/873","targetHints":{"allow":["GET"]}}],"collection":[{"href":"https:\/\/theteahousestore.com\/index.php\/wp-json\/wp\/v2\/product"}],"about":[{"href":"https:\/\/theteahousestore.com\/index.php\/wp-json\/wp\/v2\/types\/product"}],"replies":[{"embeddable":true,"href":"https:\/\/theteahousestore.com\/index.php\/wp-json\/wp\/v2\/comments?post=873"}],"wp:featuredmedia":[{"embeddable":true,"href":"https:\/\/theteahousestore.com\/index.php\/wp-json\/wp\/v2\/media\/822"}],"wp:attachment":[{"href":"https:\/\/theteahousestore.com\/index.php\/wp-json\/wp\/v2\/media?parent=873"}],"wp:term":[{"taxonomy":"product_brand","embeddable":true,"href":"https:\/\/theteahousestore.com\/index.php\/wp-json\/wp\/v2\/product_brand?post=873"},{"taxonomy":"product_cat","embeddable":true,"href":"https:\/\/theteahousestore.com\/index.php\/wp-json\/wp\/v2\/product_cat?post=873"},{"taxonomy":"product_tag","embeddable":true,"href":"https:\/\/theteahousestore.com\/index.php\/wp-json\/wp\/v2\/product_tag?post=873"}],"curies":[{"name":"wp","href":"https:\/\/api.w.org\/{rel}","templated":true}]}}