{"id":872,"date":"2023-07-29T10:53:41","date_gmt":"2023-07-29T08:53:41","guid":{"rendered":"https:\/\/theteahousestore.com\/?post_type=product&#038;p=872"},"modified":"2023-08-28T16:45:32","modified_gmt":"2023-08-28T14:45:32","slug":"taza-de-te-con-tapa-y-plato-de-flores","status":"publish","type":"product","link":"https:\/\/theteahousestore.com\/index.php\/product\/taza-de-te-con-tapa-y-plato-de-flores\/","title":{"rendered":"TAZA DE T\u00c9 CON TAPA Y PLATO DE FLORES \u82b1\u9e1f\u76d6\u7897"},"content":{"rendered":"<p>es una encantadora y art\u00edstica pieza de cer\u00e1mica que combina la funcionalidad del t\u00e9 con una est\u00e9tica inspirada en la naturaleza. Su dise\u00f1o y decoraci\u00f3n con flores y aves le dan un toque distintivo y la hacen una elecci\u00f3n ideal para aquellos que buscan una experiencia de t\u00e9 llena de belleza y conexi\u00f3n con la naturaleza.<\/p>\n","protected":false},"excerpt":{"rendered":"<p>es una encantadora y art\u00edstica pieza de cer\u00e1mica que combina la funcionalidad del t\u00e9 con una est\u00e9tica inspirada en la naturaleza. Su dise\u00f1o y decoraci\u00f3n con flores y aves le dan un toque distintivo y la hacen una elecci\u00f3n ideal para aquellos que buscan una experiencia de t\u00e9 llena de belleza y conexi\u00f3n con la naturaleza.<\/p>\n","protected":false},"featured_media":823,"comment_status":"open","ping_status":"closed","template":"","meta":[],"product_brand":[],"product_cat":[45,48],"product_tag":[53,54,49],"class_list":{"0":"post-872","1":"product","2":"type-product","3":"status-publish","4":"has-post-thumbnail","6":"product_cat-ceremonia-de-te","7":"product_cat-tazas-de-te-ceremonia-de-te","8":"product_tag-ceremonia-de-te","9":"product_tag-juego-de-te","10":"product_tag-taza-de-te","12":"first","13":"instock","14":"shipping-taxable","15":"purchasable","16":"product-type-simple"},"jetpack_sharing_enabled":true,"_links":{"self":[{"href":"https:\/\/theteahousestore.com\/index.php\/wp-json\/wp\/v2\/product\/872","targetHints":{"allow":["GET"]}}],"collection":[{"href":"https:\/\/theteahousestore.com\/index.php\/wp-json\/wp\/v2\/product"}],"about":[{"href":"https:\/\/theteahousestore.com\/index.php\/wp-json\/wp\/v2\/types\/product"}],"replies":[{"embeddable":true,"href":"https:\/\/theteahousestore.com\/index.php\/wp-json\/wp\/v2\/comments?post=872"}],"wp:featuredmedia":[{"embeddable":true,"href":"https:\/\/theteahousestore.com\/index.php\/wp-json\/wp\/v2\/media\/823"}],"wp:attachment":[{"href":"https:\/\/theteahousestore.com\/index.php\/wp-json\/wp\/v2\/media?parent=872"}],"wp:term":[{"taxonomy":"product_brand","embeddable":true,"href":"https:\/\/theteahousestore.com\/index.php\/wp-json\/wp\/v2\/product_brand?post=872"},{"taxonomy":"product_cat","embeddable":true,"href":"https:\/\/theteahousestore.com\/index.php\/wp-json\/wp\/v2\/product_cat?post=872"},{"taxonomy":"product_tag","embeddable":true,"href":"https:\/\/theteahousestore.com\/index.php\/wp-json\/wp\/v2\/product_tag?post=872"}],"curies":[{"name":"wp","href":"https:\/\/api.w.org\/{rel}","templated":true}]}}