{"id":818,"date":"2023-07-29T10:39:08","date_gmt":"2023-07-29T08:39:08","guid":{"rendered":"https:\/\/theteahousestore.com\/?post_type=product&#038;p=818"},"modified":"2023-07-29T12:44:49","modified_gmt":"2023-07-29T10:44:49","slug":"taza-de-te-con-tapa-y-plato-celadon","status":"publish","type":"product","link":"https:\/\/theteahousestore.com\/index.php\/product\/taza-de-te-con-tapa-y-plato-celadon\/","title":{"rendered":"TAZA DE T\u00c9 CON TAPA Y PLATO CELAD\u00d3N \u9752\u74f7\u5c71\u6c34\u76d6\u7897"},"content":{"rendered":"<p>es una exquisita pieza de vajilla para t\u00e9, conocida por su dise\u00f1o \u00fanico y su delicada artesan\u00eda. Suele estar hecha de cer\u00e1mica celad\u00f3n de alta calidad, un material que ha sido emblem\u00e1tico de la producci\u00f3n de cer\u00e1mica de alta calidad en la antigua China.<\/p>\n","protected":false},"excerpt":{"rendered":"<p>es una exquisita pieza de vajilla para t\u00e9, conocida por su dise\u00f1o \u00fanico y su delicada artesan\u00eda. Suele estar hecha de cer\u00e1mica celad\u00f3n de alta calidad, un material que ha sido emblem\u00e1tico de la producci\u00f3n de cer\u00e1mica de alta calidad en la antigua China.<\/p>\n","protected":false},"featured_media":819,"comment_status":"open","ping_status":"closed","template":"","meta":[],"product_brand":[],"product_cat":[45,48],"product_tag":[53,54,49],"class_list":{"0":"post-818","1":"product","2":"type-product","3":"status-publish","4":"has-post-thumbnail","6":"product_cat-ceremonia-de-te","7":"product_cat-tazas-de-te-ceremonia-de-te","8":"product_tag-ceremonia-de-te","9":"product_tag-juego-de-te","10":"product_tag-taza-de-te","12":"first","13":"instock","14":"shipping-taxable","15":"purchasable","16":"product-type-simple"},"jetpack_sharing_enabled":true,"_links":{"self":[{"href":"https:\/\/theteahousestore.com\/index.php\/wp-json\/wp\/v2\/product\/818","targetHints":{"allow":["GET"]}}],"collection":[{"href":"https:\/\/theteahousestore.com\/index.php\/wp-json\/wp\/v2\/product"}],"about":[{"href":"https:\/\/theteahousestore.com\/index.php\/wp-json\/wp\/v2\/types\/product"}],"replies":[{"embeddable":true,"href":"https:\/\/theteahousestore.com\/index.php\/wp-json\/wp\/v2\/comments?post=818"}],"wp:featuredmedia":[{"embeddable":true,"href":"https:\/\/theteahousestore.com\/index.php\/wp-json\/wp\/v2\/media\/819"}],"wp:attachment":[{"href":"https:\/\/theteahousestore.com\/index.php\/wp-json\/wp\/v2\/media?parent=818"}],"wp:term":[{"taxonomy":"product_brand","embeddable":true,"href":"https:\/\/theteahousestore.com\/index.php\/wp-json\/wp\/v2\/product_brand?post=818"},{"taxonomy":"product_cat","embeddable":true,"href":"https:\/\/theteahousestore.com\/index.php\/wp-json\/wp\/v2\/product_cat?post=818"},{"taxonomy":"product_tag","embeddable":true,"href":"https:\/\/theteahousestore.com\/index.php\/wp-json\/wp\/v2\/product_tag?post=818"}],"curies":[{"name":"wp","href":"https:\/\/api.w.org\/{rel}","templated":true}]}}