{"id":813,"date":"2023-07-28T13:39:08","date_gmt":"2023-07-28T11:39:08","guid":{"rendered":"https:\/\/theteahousestore.com\/?post_type=product&#038;p=813"},"modified":"2023-07-28T14:00:57","modified_gmt":"2023-07-28T12:00:57","slug":"tetera-celadon-hecho-a-mano","status":"publish","type":"product","link":"https:\/\/theteahousestore.com\/index.php\/product\/tetera-celadon-hecho-a-mano\/","title":{"rendered":"TETERA CELAD\u00d3N HECHO A MANO \u9752\u74f7\u624b\u5de5\u58f6"},"content":{"rendered":"<p>una tetera celad\u00f3n hecho a mano ser\u00eda una joya art\u00edstica y funcional para los amantes del t\u00e9 y los coleccionistas de cer\u00e1mica. Su esmalte verde celad\u00f3n, su dise\u00f1o hecho a mano y su encanto distintivo la convertir\u00edan en una pieza preciada y apreciada en cualquier colecci\u00f3n de teteras o como un regalo especial para aquellos que aprecian la belleza y el arte de la cer\u00e1mica tradicional.<\/p>\n","protected":false},"excerpt":{"rendered":"<p>una tetera celad\u00f3n hecho a mano ser\u00eda una joya art\u00edstica y funcional para los amantes del t\u00e9 y los coleccionistas de cer\u00e1mica. Su esmalte verde celad\u00f3n, su dise\u00f1o hecho a mano y su encanto distintivo la convertir\u00edan en una pieza preciada y apreciada en cualquier colecci\u00f3n de teteras o como un regalo especial para aquellos que aprecian la belleza y el arte de la cer\u00e1mica tradicional.<\/p>\n","protected":false},"featured_media":789,"comment_status":"open","ping_status":"closed","template":"","meta":[],"product_brand":[],"product_cat":[45,47],"product_tag":[53,54,52],"class_list":{"0":"post-813","1":"product","2":"type-product","3":"status-publish","4":"has-post-thumbnail","6":"product_cat-ceremonia-de-te","7":"product_cat-tetera","8":"product_tag-ceremonia-de-te","9":"product_tag-juego-de-te","10":"product_tag-tetera","12":"first","13":"instock","14":"shipping-taxable","15":"purchasable","16":"product-type-simple"},"jetpack_sharing_enabled":true,"_links":{"self":[{"href":"https:\/\/theteahousestore.com\/index.php\/wp-json\/wp\/v2\/product\/813","targetHints":{"allow":["GET"]}}],"collection":[{"href":"https:\/\/theteahousestore.com\/index.php\/wp-json\/wp\/v2\/product"}],"about":[{"href":"https:\/\/theteahousestore.com\/index.php\/wp-json\/wp\/v2\/types\/product"}],"replies":[{"embeddable":true,"href":"https:\/\/theteahousestore.com\/index.php\/wp-json\/wp\/v2\/comments?post=813"}],"wp:featuredmedia":[{"embeddable":true,"href":"https:\/\/theteahousestore.com\/index.php\/wp-json\/wp\/v2\/media\/789"}],"wp:attachment":[{"href":"https:\/\/theteahousestore.com\/index.php\/wp-json\/wp\/v2\/media?parent=813"}],"wp:term":[{"taxonomy":"product_brand","embeddable":true,"href":"https:\/\/theteahousestore.com\/index.php\/wp-json\/wp\/v2\/product_brand?post=813"},{"taxonomy":"product_cat","embeddable":true,"href":"https:\/\/theteahousestore.com\/index.php\/wp-json\/wp\/v2\/product_cat?post=813"},{"taxonomy":"product_tag","embeddable":true,"href":"https:\/\/theteahousestore.com\/index.php\/wp-json\/wp\/v2\/product_tag?post=813"}],"curies":[{"name":"wp","href":"https:\/\/api.w.org\/{rel}","templated":true}]}}