{"id":812,"date":"2023-07-28T13:36:53","date_gmt":"2023-07-28T11:36:53","guid":{"rendered":"https:\/\/theteahousestore.com\/?post_type=product&#038;p=812"},"modified":"2023-07-28T13:36:53","modified_gmt":"2023-07-28T11:36:53","slug":"tetera-con-cuatro-tazas","status":"publish","type":"product","link":"https:\/\/theteahousestore.com\/index.php\/product\/tetera-con-cuatro-tazas\/","title":{"rendered":"TETERA CON CUATRO TAZAS \u9f99\u4e4c\u9f99\u51e4\u58f6"},"content":{"rendered":"<p>ser\u00eda un conjunto de t\u00e9 que incluye una tetera y cuatro tazas, y presenta un dise\u00f1o tem\u00e1tico de drag\u00f3n y f\u00e9nix.<\/p>\n","protected":false},"excerpt":{"rendered":"<p>ser\u00eda un conjunto de t\u00e9 que incluye una tetera y cuatro tazas, y presenta un dise\u00f1o tem\u00e1tico de drag\u00f3n y f\u00e9nix.<\/p>\n","protected":false},"featured_media":790,"comment_status":"open","ping_status":"closed","template":"","meta":[],"product_brand":[],"product_cat":[45,47],"product_tag":[53,54,52],"class_list":{"0":"post-812","1":"product","2":"type-product","3":"status-publish","4":"has-post-thumbnail","6":"product_cat-ceremonia-de-te","7":"product_cat-tetera","8":"product_tag-ceremonia-de-te","9":"product_tag-juego-de-te","10":"product_tag-tetera","12":"first","13":"instock","14":"shipping-taxable","15":"purchasable","16":"product-type-simple"},"jetpack_sharing_enabled":true,"_links":{"self":[{"href":"https:\/\/theteahousestore.com\/index.php\/wp-json\/wp\/v2\/product\/812","targetHints":{"allow":["GET"]}}],"collection":[{"href":"https:\/\/theteahousestore.com\/index.php\/wp-json\/wp\/v2\/product"}],"about":[{"href":"https:\/\/theteahousestore.com\/index.php\/wp-json\/wp\/v2\/types\/product"}],"replies":[{"embeddable":true,"href":"https:\/\/theteahousestore.com\/index.php\/wp-json\/wp\/v2\/comments?post=812"}],"wp:featuredmedia":[{"embeddable":true,"href":"https:\/\/theteahousestore.com\/index.php\/wp-json\/wp\/v2\/media\/790"}],"wp:attachment":[{"href":"https:\/\/theteahousestore.com\/index.php\/wp-json\/wp\/v2\/media?parent=812"}],"wp:term":[{"taxonomy":"product_brand","embeddable":true,"href":"https:\/\/theteahousestore.com\/index.php\/wp-json\/wp\/v2\/product_brand?post=812"},{"taxonomy":"product_cat","embeddable":true,"href":"https:\/\/theteahousestore.com\/index.php\/wp-json\/wp\/v2\/product_cat?post=812"},{"taxonomy":"product_tag","embeddable":true,"href":"https:\/\/theteahousestore.com\/index.php\/wp-json\/wp\/v2\/product_tag?post=812"}],"curies":[{"name":"wp","href":"https:\/\/api.w.org\/{rel}","templated":true}]}}