{"id":810,"date":"2023-07-28T13:29:51","date_gmt":"2023-07-28T11:29:51","guid":{"rendered":"https:\/\/theteahousestore.com\/?post_type=product&#038;p=810"},"modified":"2023-07-28T16:51:38","modified_gmt":"2023-07-28T14:51:38","slug":"tetera-porcelana-blanco","status":"publish","type":"product","link":"https:\/\/theteahousestore.com\/index.php\/product\/tetera-porcelana-blanco\/","title":{"rendered":"TETERA PORCELANA BLANCO \u5f00\u7247\u5355\u58f6\u767d\u8272\u58f6"},"content":{"rendered":"<p>ser\u00eda una opci\u00f3n elegante y distintiva para preparar y servir t\u00e9. Su dise\u00f1o especial le a\u00f1adir\u00eda un toque art\u00edstico y \u00fanico, mientras que la porcelana blanca le dar\u00eda un aspecto atemporal y cl\u00e1sico. Ser\u00eda una pieza preciada tanto por su funcionalidad como tetera como por su valor est\u00e9tico como una obra de arte en s\u00ed misma.<\/p>\n","protected":false},"excerpt":{"rendered":"<p>ser\u00eda una opci\u00f3n elegante y distintiva para preparar y servir t\u00e9. Su dise\u00f1o especial le a\u00f1adir\u00eda un toque art\u00edstico y \u00fanico, mientras que la porcelana blanca le dar\u00eda un aspecto atemporal y cl\u00e1sico. Ser\u00eda una pieza preciada tanto por su funcionalidad como tetera como por su valor est\u00e9tico como una obra de arte en s\u00ed misma.<\/p>\n","protected":false},"featured_media":787,"comment_status":"open","ping_status":"closed","template":"","meta":[],"product_brand":[],"product_cat":[45,47],"product_tag":[53,54,52],"class_list":{"0":"post-810","1":"product","2":"type-product","3":"status-publish","4":"has-post-thumbnail","6":"product_cat-ceremonia-de-te","7":"product_cat-tetera","8":"product_tag-ceremonia-de-te","9":"product_tag-juego-de-te","10":"product_tag-tetera","12":"first","13":"instock","14":"shipping-taxable","15":"purchasable","16":"product-type-simple"},"jetpack_sharing_enabled":true,"_links":{"self":[{"href":"https:\/\/theteahousestore.com\/index.php\/wp-json\/wp\/v2\/product\/810","targetHints":{"allow":["GET"]}}],"collection":[{"href":"https:\/\/theteahousestore.com\/index.php\/wp-json\/wp\/v2\/product"}],"about":[{"href":"https:\/\/theteahousestore.com\/index.php\/wp-json\/wp\/v2\/types\/product"}],"replies":[{"embeddable":true,"href":"https:\/\/theteahousestore.com\/index.php\/wp-json\/wp\/v2\/comments?post=810"}],"wp:featuredmedia":[{"embeddable":true,"href":"https:\/\/theteahousestore.com\/index.php\/wp-json\/wp\/v2\/media\/787"}],"wp:attachment":[{"href":"https:\/\/theteahousestore.com\/index.php\/wp-json\/wp\/v2\/media?parent=810"}],"wp:term":[{"taxonomy":"product_brand","embeddable":true,"href":"https:\/\/theteahousestore.com\/index.php\/wp-json\/wp\/v2\/product_brand?post=810"},{"taxonomy":"product_cat","embeddable":true,"href":"https:\/\/theteahousestore.com\/index.php\/wp-json\/wp\/v2\/product_cat?post=810"},{"taxonomy":"product_tag","embeddable":true,"href":"https:\/\/theteahousestore.com\/index.php\/wp-json\/wp\/v2\/product_tag?post=810"}],"curies":[{"name":"wp","href":"https:\/\/api.w.org\/{rel}","templated":true}]}}