{"id":804,"date":"2023-07-28T12:49:58","date_gmt":"2023-07-28T10:49:58","guid":{"rendered":"https:\/\/theteahousestore.com\/?post_type=product&#038;p=804"},"modified":"2024-01-20T21:41:53","modified_gmt":"2024-01-20T20:41:53","slug":"tetera-porcelana-con-calabaza","status":"publish","type":"product","link":"https:\/\/theteahousestore.com\/index.php\/product\/tetera-porcelana-con-calabaza\/","title":{"rendered":"TETERA PORCELANA CON CALABAZA \u5357\u74dc\u7279\u4ef7\u58f6"},"content":{"rendered":"<p>ser\u00eda una tetera con un dise\u00f1o inspirado en la forma o apariencia de una calabaza. Esta tetera estar\u00eda hecha de porcelana, un material cer\u00e1mico apreciado por su delicadeza y elegancia.<\/p>\n","protected":false},"excerpt":{"rendered":"<p>ser\u00eda una tetera con un dise\u00f1o inspirado en la forma o apariencia de una calabaza. Esta tetera estar\u00eda hecha de porcelana, un material cer\u00e1mico apreciado por su delicadeza y elegancia.<\/p>\n","protected":false},"featured_media":781,"comment_status":"open","ping_status":"closed","template":"","meta":[],"product_brand":[],"product_cat":[45,47],"product_tag":[53,54,52],"class_list":{"0":"post-804","1":"product","2":"type-product","3":"status-publish","4":"has-post-thumbnail","6":"product_cat-ceremonia-de-te","7":"product_cat-tetera","8":"product_tag-ceremonia-de-te","9":"product_tag-juego-de-te","10":"product_tag-tetera","12":"first","13":"instock","14":"shipping-taxable","15":"purchasable","16":"product-type-simple"},"jetpack_sharing_enabled":true,"_links":{"self":[{"href":"https:\/\/theteahousestore.com\/index.php\/wp-json\/wp\/v2\/product\/804","targetHints":{"allow":["GET"]}}],"collection":[{"href":"https:\/\/theteahousestore.com\/index.php\/wp-json\/wp\/v2\/product"}],"about":[{"href":"https:\/\/theteahousestore.com\/index.php\/wp-json\/wp\/v2\/types\/product"}],"replies":[{"embeddable":true,"href":"https:\/\/theteahousestore.com\/index.php\/wp-json\/wp\/v2\/comments?post=804"}],"wp:featuredmedia":[{"embeddable":true,"href":"https:\/\/theteahousestore.com\/index.php\/wp-json\/wp\/v2\/media\/781"}],"wp:attachment":[{"href":"https:\/\/theteahousestore.com\/index.php\/wp-json\/wp\/v2\/media?parent=804"}],"wp:term":[{"taxonomy":"product_brand","embeddable":true,"href":"https:\/\/theteahousestore.com\/index.php\/wp-json\/wp\/v2\/product_brand?post=804"},{"taxonomy":"product_cat","embeddable":true,"href":"https:\/\/theteahousestore.com\/index.php\/wp-json\/wp\/v2\/product_cat?post=804"},{"taxonomy":"product_tag","embeddable":true,"href":"https:\/\/theteahousestore.com\/index.php\/wp-json\/wp\/v2\/product_tag?post=804"}],"curies":[{"name":"wp","href":"https:\/\/api.w.org\/{rel}","templated":true}]}}