{"id":803,"date":"2023-07-28T12:47:04","date_gmt":"2023-07-28T10:47:04","guid":{"rendered":"https:\/\/theteahousestore.com\/?post_type=product&#038;p=803"},"modified":"2023-07-28T16:45:55","modified_gmt":"2023-07-28T14:45:55","slug":"etera-porcelana-con-patron-te","status":"publish","type":"product","link":"https:\/\/theteahousestore.com\/index.php\/product\/etera-porcelana-con-patron-te\/","title":{"rendered":"ETERA PORCELANA CON PATR\u00d3N T\u00c9 \u8336\u53f6\u7eb9\u6837\u7279\u4ef7\u58f6"},"content":{"rendered":"<p>ser\u00eda una tetera de oferta especial que presenta un dise\u00f1o decorativo inspirado en las hojas de t\u00e9.<\/p>\n","protected":false},"excerpt":{"rendered":"<p>ser\u00eda una tetera de oferta especial que presenta un dise\u00f1o decorativo inspirado en las hojas de t\u00e9.<\/p>\n","protected":false},"featured_media":780,"comment_status":"open","ping_status":"closed","template":"","meta":[],"product_brand":[],"product_cat":[45,47],"product_tag":[53,54,52],"class_list":{"0":"post-803","1":"product","2":"type-product","3":"status-publish","4":"has-post-thumbnail","6":"product_cat-ceremonia-de-te","7":"product_cat-tetera","8":"product_tag-ceremonia-de-te","9":"product_tag-juego-de-te","10":"product_tag-tetera","12":"first","13":"instock","14":"shipping-taxable","15":"purchasable","16":"product-type-simple"},"jetpack_sharing_enabled":true,"_links":{"self":[{"href":"https:\/\/theteahousestore.com\/index.php\/wp-json\/wp\/v2\/product\/803","targetHints":{"allow":["GET"]}}],"collection":[{"href":"https:\/\/theteahousestore.com\/index.php\/wp-json\/wp\/v2\/product"}],"about":[{"href":"https:\/\/theteahousestore.com\/index.php\/wp-json\/wp\/v2\/types\/product"}],"replies":[{"embeddable":true,"href":"https:\/\/theteahousestore.com\/index.php\/wp-json\/wp\/v2\/comments?post=803"}],"wp:featuredmedia":[{"embeddable":true,"href":"https:\/\/theteahousestore.com\/index.php\/wp-json\/wp\/v2\/media\/780"}],"wp:attachment":[{"href":"https:\/\/theteahousestore.com\/index.php\/wp-json\/wp\/v2\/media?parent=803"}],"wp:term":[{"taxonomy":"product_brand","embeddable":true,"href":"https:\/\/theteahousestore.com\/index.php\/wp-json\/wp\/v2\/product_brand?post=803"},{"taxonomy":"product_cat","embeddable":true,"href":"https:\/\/theteahousestore.com\/index.php\/wp-json\/wp\/v2\/product_cat?post=803"},{"taxonomy":"product_tag","embeddable":true,"href":"https:\/\/theteahousestore.com\/index.php\/wp-json\/wp\/v2\/product_tag?post=803"}],"curies":[{"name":"wp","href":"https:\/\/api.w.org\/{rel}","templated":true}]}}