{"id":797,"date":"2023-07-28T11:25:40","date_gmt":"2023-07-28T09:25:40","guid":{"rendered":"https:\/\/theteahousestore.com\/?post_type=product&#038;p=797"},"modified":"2023-07-28T16:44:48","modified_gmt":"2023-07-28T14:44:48","slug":"tetera-porcelana-horno-ge-calabaza","status":"publish","type":"product","link":"https:\/\/theteahousestore.com\/index.php\/product\/tetera-porcelana-horno-ge-calabaza\/","title":{"rendered":"TETERA PORCELANA HORNO GE CALABAZA \u54e5\u7a91\u5357\u74dc\u58f6"},"content":{"rendered":"<p>ser\u00eda una hermosa y elegante tetera hecha en la prestigiosa f\u00e1brica de porcelana GE, famosa por su excelencia en la creaci\u00f3n de piezas de porcelana de alta calidad. La tetera tiene una forma encantadora y \u00fanica, inspirada en una calabaza, lo que la convierte en un objeto de dise\u00f1o distintivo y llamativo.<\/p>\n","protected":false},"excerpt":{"rendered":"<p>ser\u00eda una hermosa y elegante tetera hecha en la prestigiosa f\u00e1brica de porcelana GE, famosa por su excelencia en la creaci\u00f3n de piezas de porcelana de alta calidad. La tetera tiene una forma encantadora y \u00fanica, inspirada en una calabaza, lo que la convierte en un objeto de dise\u00f1o distintivo y llamativo.<\/p>\n","protected":false},"featured_media":777,"comment_status":"open","ping_status":"closed","template":"","meta":[],"product_brand":[],"product_cat":[45,47],"product_tag":[53,54,52],"class_list":{"0":"post-797","1":"product","2":"type-product","3":"status-publish","4":"has-post-thumbnail","6":"product_cat-ceremonia-de-te","7":"product_cat-tetera","8":"product_tag-ceremonia-de-te","9":"product_tag-juego-de-te","10":"product_tag-tetera","12":"first","13":"instock","14":"shipping-taxable","15":"purchasable","16":"product-type-simple"},"jetpack_sharing_enabled":true,"_links":{"self":[{"href":"https:\/\/theteahousestore.com\/index.php\/wp-json\/wp\/v2\/product\/797","targetHints":{"allow":["GET"]}}],"collection":[{"href":"https:\/\/theteahousestore.com\/index.php\/wp-json\/wp\/v2\/product"}],"about":[{"href":"https:\/\/theteahousestore.com\/index.php\/wp-json\/wp\/v2\/types\/product"}],"replies":[{"embeddable":true,"href":"https:\/\/theteahousestore.com\/index.php\/wp-json\/wp\/v2\/comments?post=797"}],"wp:featuredmedia":[{"embeddable":true,"href":"https:\/\/theteahousestore.com\/index.php\/wp-json\/wp\/v2\/media\/777"}],"wp:attachment":[{"href":"https:\/\/theteahousestore.com\/index.php\/wp-json\/wp\/v2\/media?parent=797"}],"wp:term":[{"taxonomy":"product_brand","embeddable":true,"href":"https:\/\/theteahousestore.com\/index.php\/wp-json\/wp\/v2\/product_brand?post=797"},{"taxonomy":"product_cat","embeddable":true,"href":"https:\/\/theteahousestore.com\/index.php\/wp-json\/wp\/v2\/product_cat?post=797"},{"taxonomy":"product_tag","embeddable":true,"href":"https:\/\/theteahousestore.com\/index.php\/wp-json\/wp\/v2\/product_tag?post=797"}],"curies":[{"name":"wp","href":"https:\/\/api.w.org\/{rel}","templated":true}]}}