{"id":795,"date":"2023-07-28T11:23:00","date_gmt":"2023-07-28T09:23:00","guid":{"rendered":"https:\/\/theteahousestore.com\/?post_type=product&#038;p=795"},"modified":"2023-07-28T16:44:33","modified_gmt":"2023-07-28T14:44:33","slug":"tetera-porcelana-de-horno-ge","status":"publish","type":"product","link":"https:\/\/theteahousestore.com\/index.php\/product\/tetera-porcelana-de-horno-ge\/","title":{"rendered":"TETERA PORCELANA DE HORNO GE\u54e5\u7a91\u5c0a\u8d35\u58f6"},"content":{"rendered":"<p>ser\u00eda una tetera de alta calidad y prestigio fabricada en la famosa f\u00e1brica de porcelana GE\u54e5\u7a91 (Ge Yao). La porcelana GE\u54e5\u7a91 es conocida por su excelencia y tradici\u00f3n en la fabricaci\u00f3n de porcelana de alta gama, y es altamente valorada por su belleza y artesan\u00eda.<\/p>\n","protected":false},"excerpt":{"rendered":"<p>ser\u00eda una tetera de alta calidad y prestigio fabricada en la famosa f\u00e1brica de porcelana GE\u54e5\u7a91 (Ge Yao). La porcelana GE\u54e5\u7a91 es conocida por su excelencia y tradici\u00f3n en la fabricaci\u00f3n de porcelana de alta gama, y es altamente valorada por su belleza y artesan\u00eda.<\/p>\n","protected":false},"featured_media":776,"comment_status":"open","ping_status":"closed","template":"","meta":[],"product_brand":[],"product_cat":[45,47],"product_tag":[53,54,52],"class_list":{"0":"post-795","1":"product","2":"type-product","3":"status-publish","4":"has-post-thumbnail","6":"product_cat-ceremonia-de-te","7":"product_cat-tetera","8":"product_tag-ceremonia-de-te","9":"product_tag-juego-de-te","10":"product_tag-tetera","12":"first","13":"instock","14":"shipping-taxable","15":"purchasable","16":"product-type-simple"},"jetpack_sharing_enabled":true,"_links":{"self":[{"href":"https:\/\/theteahousestore.com\/index.php\/wp-json\/wp\/v2\/product\/795","targetHints":{"allow":["GET"]}}],"collection":[{"href":"https:\/\/theteahousestore.com\/index.php\/wp-json\/wp\/v2\/product"}],"about":[{"href":"https:\/\/theteahousestore.com\/index.php\/wp-json\/wp\/v2\/types\/product"}],"replies":[{"embeddable":true,"href":"https:\/\/theteahousestore.com\/index.php\/wp-json\/wp\/v2\/comments?post=795"}],"wp:featuredmedia":[{"embeddable":true,"href":"https:\/\/theteahousestore.com\/index.php\/wp-json\/wp\/v2\/media\/776"}],"wp:attachment":[{"href":"https:\/\/theteahousestore.com\/index.php\/wp-json\/wp\/v2\/media?parent=795"}],"wp:term":[{"taxonomy":"product_brand","embeddable":true,"href":"https:\/\/theteahousestore.com\/index.php\/wp-json\/wp\/v2\/product_brand?post=795"},{"taxonomy":"product_cat","embeddable":true,"href":"https:\/\/theteahousestore.com\/index.php\/wp-json\/wp\/v2\/product_cat?post=795"},{"taxonomy":"product_tag","embeddable":true,"href":"https:\/\/theteahousestore.com\/index.php\/wp-json\/wp\/v2\/product_tag?post=795"}],"curies":[{"name":"wp","href":"https:\/\/api.w.org\/{rel}","templated":true}]}}