{"id":794,"date":"2023-07-28T16:18:34","date_gmt":"2023-07-28T14:18:34","guid":{"rendered":"https:\/\/theteahousestore.com\/?post_type=product&#038;p=794"},"modified":"2023-08-02T10:29:15","modified_gmt":"2023-08-02T08:29:15","slug":"tetera-porcelana-con-bordes-y-esquinas","status":"publish","type":"product","link":"https:\/\/theteahousestore.com\/index.php\/product\/tetera-porcelana-con-bordes-y-esquinas\/","title":{"rendered":"TETERA PORCELANA CON BORDES Y ESQUINAS \u68f1\u89d2\u5355\u58f6"},"content":{"rendered":"<p>ser\u00eda una tetera hecha de porcelana, un material cer\u00e1mico delicado y tradicionalmente utilizado para la fabricaci\u00f3n de vajillas y objetos decorativos. La porcelana es conocida por su apariencia elegante y transl\u00facida, que le da un aspecto distintivo.<\/p>\n","protected":false},"excerpt":{"rendered":"<p>ser\u00eda una tetera hecha de porcelana, un material cer\u00e1mico delicado y tradicionalmente utilizado para la fabricaci\u00f3n de vajillas y objetos decorativos. La porcelana es conocida por su apariencia elegante y transl\u00facida, que le da un aspecto distintivo.<\/p>\n","protected":false},"featured_media":867,"comment_status":"open","ping_status":"closed","template":"","meta":[],"product_brand":[],"product_cat":[45,47],"product_tag":[53,54,52],"class_list":{"0":"post-794","1":"product","2":"type-product","3":"status-publish","4":"has-post-thumbnail","6":"product_cat-ceremonia-de-te","7":"product_cat-tetera","8":"product_tag-ceremonia-de-te","9":"product_tag-juego-de-te","10":"product_tag-tetera","12":"first","13":"instock","14":"shipping-taxable","15":"purchasable","16":"product-type-simple"},"jetpack_sharing_enabled":true,"_links":{"self":[{"href":"https:\/\/theteahousestore.com\/index.php\/wp-json\/wp\/v2\/product\/794","targetHints":{"allow":["GET"]}}],"collection":[{"href":"https:\/\/theteahousestore.com\/index.php\/wp-json\/wp\/v2\/product"}],"about":[{"href":"https:\/\/theteahousestore.com\/index.php\/wp-json\/wp\/v2\/types\/product"}],"replies":[{"embeddable":true,"href":"https:\/\/theteahousestore.com\/index.php\/wp-json\/wp\/v2\/comments?post=794"}],"wp:featuredmedia":[{"embeddable":true,"href":"https:\/\/theteahousestore.com\/index.php\/wp-json\/wp\/v2\/media\/867"}],"wp:attachment":[{"href":"https:\/\/theteahousestore.com\/index.php\/wp-json\/wp\/v2\/media?parent=794"}],"wp:term":[{"taxonomy":"product_brand","embeddable":true,"href":"https:\/\/theteahousestore.com\/index.php\/wp-json\/wp\/v2\/product_brand?post=794"},{"taxonomy":"product_cat","embeddable":true,"href":"https:\/\/theteahousestore.com\/index.php\/wp-json\/wp\/v2\/product_cat?post=794"},{"taxonomy":"product_tag","embeddable":true,"href":"https:\/\/theteahousestore.com\/index.php\/wp-json\/wp\/v2\/product_tag?post=794"}],"curies":[{"name":"wp","href":"https:\/\/api.w.org\/{rel}","templated":true}]}}