{"id":769,"date":"2023-07-27T18:44:09","date_gmt":"2023-07-27T16:44:09","guid":{"rendered":"https:\/\/theteahousestore.com\/?post_type=product&#038;p=769"},"modified":"2023-07-28T16:18:52","modified_gmt":"2023-07-28T14:18:52","slug":"tetera-porcelana-gris","status":"publish","type":"product","link":"https:\/\/theteahousestore.com\/index.php\/product\/tetera-porcelana-gris\/","title":{"rendered":"TETERA PORCELANA GRIS \u897f\u65bd"},"content":{"rendered":"<p>es una elegante pieza de cer\u00e1mica en color gris, inspirada posiblemente en la famosa belleza china Xi Shi. Est\u00e1 hecha de porcelana, un material conocido por su delicadeza y sofisticaci\u00f3n.<\/p>\n","protected":false},"excerpt":{"rendered":"<p>es una elegante pieza de cer\u00e1mica en color gris, inspirada posiblemente en la famosa belleza china Xi Shi. Est\u00e1 hecha de porcelana, un material conocido por su delicadeza y sofisticaci\u00f3n.<\/p>\n","protected":false},"featured_media":770,"comment_status":"open","ping_status":"closed","template":"","meta":[],"product_brand":[],"product_cat":[45,47],"product_tag":[53,54,52],"class_list":{"0":"post-769","1":"product","2":"type-product","3":"status-publish","4":"has-post-thumbnail","6":"product_cat-ceremonia-de-te","7":"product_cat-tetera","8":"product_tag-ceremonia-de-te","9":"product_tag-juego-de-te","10":"product_tag-tetera","12":"first","13":"instock","14":"shipping-taxable","15":"purchasable","16":"product-type-simple"},"jetpack_sharing_enabled":true,"_links":{"self":[{"href":"https:\/\/theteahousestore.com\/index.php\/wp-json\/wp\/v2\/product\/769","targetHints":{"allow":["GET"]}}],"collection":[{"href":"https:\/\/theteahousestore.com\/index.php\/wp-json\/wp\/v2\/product"}],"about":[{"href":"https:\/\/theteahousestore.com\/index.php\/wp-json\/wp\/v2\/types\/product"}],"replies":[{"embeddable":true,"href":"https:\/\/theteahousestore.com\/index.php\/wp-json\/wp\/v2\/comments?post=769"}],"wp:featuredmedia":[{"embeddable":true,"href":"https:\/\/theteahousestore.com\/index.php\/wp-json\/wp\/v2\/media\/770"}],"wp:attachment":[{"href":"https:\/\/theteahousestore.com\/index.php\/wp-json\/wp\/v2\/media?parent=769"}],"wp:term":[{"taxonomy":"product_brand","embeddable":true,"href":"https:\/\/theteahousestore.com\/index.php\/wp-json\/wp\/v2\/product_brand?post=769"},{"taxonomy":"product_cat","embeddable":true,"href":"https:\/\/theteahousestore.com\/index.php\/wp-json\/wp\/v2\/product_cat?post=769"},{"taxonomy":"product_tag","embeddable":true,"href":"https:\/\/theteahousestore.com\/index.php\/wp-json\/wp\/v2\/product_tag?post=769"}],"curies":[{"name":"wp","href":"https:\/\/api.w.org\/{rel}","templated":true}]}}