{"id":767,"date":"2023-07-27T16:35:39","date_gmt":"2023-07-27T14:35:39","guid":{"rendered":"https:\/\/theteahousestore.com\/?post_type=product&#038;p=767"},"modified":"2023-07-27T17:21:44","modified_gmt":"2023-07-27T15:21:44","slug":"automatic-tea-set-fugui-10u","status":"publish","type":"product","link":"https:\/\/theteahousestore.com\/index.php\/product\/automatic-tea-set-fugui-10u\/","title":{"rendered":"AUTOMATIC TEA SET FUGUI 10U \u5bcc\u8d35\u5341\u4ef6\u5957"},"content":{"rendered":"<p>es un conjunto de t\u00e9 autom\u00e1tico que consta de diez piezas. Est\u00e1 dise\u00f1ado para hacer que la preparaci\u00f3n y el disfrute del t\u00e9 sean m\u00e1s f\u00e1ciles y c\u00f3modos.<\/p>\n","protected":false},"excerpt":{"rendered":"<p>es un conjunto de t\u00e9 autom\u00e1tico que consta de diez piezas. Est\u00e1 dise\u00f1ado para hacer que la preparaci\u00f3n y el disfrute del t\u00e9 sean m\u00e1s f\u00e1ciles y c\u00f3modos.<\/p>\n","protected":false},"featured_media":766,"comment_status":"open","ping_status":"closed","template":"","meta":[],"product_brand":[],"product_cat":[42,45,48,47],"product_tag":[43,53,49,52],"class_list":{"0":"post-767","1":"product","2":"type-product","3":"status-publish","4":"has-post-thumbnail","6":"product_cat-caja-de-regalo","7":"product_cat-ceremonia-de-te","8":"product_cat-tazas-de-te-ceremonia-de-te","9":"product_cat-tetera","10":"product_tag-caja-de-regalo","11":"product_tag-ceremonia-de-te","12":"product_tag-taza-de-te","13":"product_tag-tetera","15":"first","16":"instock","17":"shipping-taxable","18":"purchasable","19":"product-type-simple"},"jetpack_sharing_enabled":true,"_links":{"self":[{"href":"https:\/\/theteahousestore.com\/index.php\/wp-json\/wp\/v2\/product\/767","targetHints":{"allow":["GET"]}}],"collection":[{"href":"https:\/\/theteahousestore.com\/index.php\/wp-json\/wp\/v2\/product"}],"about":[{"href":"https:\/\/theteahousestore.com\/index.php\/wp-json\/wp\/v2\/types\/product"}],"replies":[{"embeddable":true,"href":"https:\/\/theteahousestore.com\/index.php\/wp-json\/wp\/v2\/comments?post=767"}],"wp:featuredmedia":[{"embeddable":true,"href":"https:\/\/theteahousestore.com\/index.php\/wp-json\/wp\/v2\/media\/766"}],"wp:attachment":[{"href":"https:\/\/theteahousestore.com\/index.php\/wp-json\/wp\/v2\/media?parent=767"}],"wp:term":[{"taxonomy":"product_brand","embeddable":true,"href":"https:\/\/theteahousestore.com\/index.php\/wp-json\/wp\/v2\/product_brand?post=767"},{"taxonomy":"product_cat","embeddable":true,"href":"https:\/\/theteahousestore.com\/index.php\/wp-json\/wp\/v2\/product_cat?post=767"},{"taxonomy":"product_tag","embeddable":true,"href":"https:\/\/theteahousestore.com\/index.php\/wp-json\/wp\/v2\/product_tag?post=767"}],"curies":[{"name":"wp","href":"https:\/\/api.w.org\/{rel}","templated":true}]}}