{"id":763,"date":"2023-07-27T16:17:18","date_gmt":"2023-07-27T14:17:18","guid":{"rendered":"https:\/\/theteahousestore.com\/?post_type=product&#038;p=763"},"modified":"2023-08-03T10:14:58","modified_gmt":"2023-08-03T08:14:58","slug":"semi-automatico-molino-de-piedra","status":"publish","type":"product","link":"https:\/\/theteahousestore.com\/index.php\/product\/semi-automatico-molino-de-piedra\/","title":{"rendered":"SEMI AUTOM\u00c1TICO MOLINO DE PIEDRA \u54e5\u7a91\u81ea\u52a8\u8336\u5177"},"content":{"rendered":"<p>es un dispositivo utilizado para moler hojas de t\u00e9 de manera parcialmente automatizada. Est\u00e1 inspirado en el estilo de cer\u00e1mica china \u00ab\u54e5\u7a91\u00bb conocido por su elegancia y tradici\u00f3n.<\/p>\n","protected":false},"excerpt":{"rendered":"<p>es un dispositivo utilizado para moler hojas de t\u00e9 de manera parcialmente automatizada. Est\u00e1 inspirado en el estilo de cer\u00e1mica china \u00ab\u54e5\u7a91\u00bb conocido por su elegancia y tradici\u00f3n.<\/p>\n","protected":false},"featured_media":764,"comment_status":"open","ping_status":"closed","template":"","meta":[],"product_brand":[],"product_cat":[42,45,48,47],"product_tag":[43,53,49,52],"class_list":{"0":"post-763","1":"product","2":"type-product","3":"status-publish","4":"has-post-thumbnail","6":"product_cat-caja-de-regalo","7":"product_cat-ceremonia-de-te","8":"product_cat-tazas-de-te-ceremonia-de-te","9":"product_cat-tetera","10":"product_tag-caja-de-regalo","11":"product_tag-ceremonia-de-te","12":"product_tag-taza-de-te","13":"product_tag-tetera","15":"first","16":"instock","17":"shipping-taxable","18":"purchasable","19":"product-type-simple"},"jetpack_sharing_enabled":true,"_links":{"self":[{"href":"https:\/\/theteahousestore.com\/index.php\/wp-json\/wp\/v2\/product\/763","targetHints":{"allow":["GET"]}}],"collection":[{"href":"https:\/\/theteahousestore.com\/index.php\/wp-json\/wp\/v2\/product"}],"about":[{"href":"https:\/\/theteahousestore.com\/index.php\/wp-json\/wp\/v2\/types\/product"}],"replies":[{"embeddable":true,"href":"https:\/\/theteahousestore.com\/index.php\/wp-json\/wp\/v2\/comments?post=763"}],"wp:featuredmedia":[{"embeddable":true,"href":"https:\/\/theteahousestore.com\/index.php\/wp-json\/wp\/v2\/media\/764"}],"wp:attachment":[{"href":"https:\/\/theteahousestore.com\/index.php\/wp-json\/wp\/v2\/media?parent=763"}],"wp:term":[{"taxonomy":"product_brand","embeddable":true,"href":"https:\/\/theteahousestore.com\/index.php\/wp-json\/wp\/v2\/product_brand?post=763"},{"taxonomy":"product_cat","embeddable":true,"href":"https:\/\/theteahousestore.com\/index.php\/wp-json\/wp\/v2\/product_cat?post=763"},{"taxonomy":"product_tag","embeddable":true,"href":"https:\/\/theteahousestore.com\/index.php\/wp-json\/wp\/v2\/product_tag?post=763"}],"curies":[{"name":"wp","href":"https:\/\/api.w.org\/{rel}","templated":true}]}}