{"id":748,"date":"2023-07-27T12:13:15","date_gmt":"2023-07-27T10:13:15","guid":{"rendered":"https:\/\/theteahousestore.com\/?post_type=product&#038;p=748"},"modified":"2023-08-02T17:55:20","modified_gmt":"2023-08-02T15:55:20","slug":"juego-de-tazas-de-te-de-ceramica-ru-11u","status":"publish","type":"product","link":"https:\/\/theteahousestore.com\/index.php\/product\/juego-de-tazas-de-te-de-ceramica-ru-11u\/","title":{"rendered":"JUEGO DE TAZAS DE T\u00c9 DE CER\u00c1MICA RU 11U\u4ef6\u6c5d\u7a91\u5f00\u7247\u5957\u5e26\u628a"},"content":{"rendered":"<p>es un conjunto de tazas de t\u00e9 inspirado en el estilo cer\u00e1mico \u00abRu Kiln\u00bb (\u7a91), una antigua tradici\u00f3n china de cer\u00e1mica de alta calidad. Este juego consta de 11 piezas, que incluyen tazas de t\u00e9 y una bandeja con asas.<\/p>\n","protected":false},"excerpt":{"rendered":"<p>es un conjunto de tazas de t\u00e9 inspirado en el estilo cer\u00e1mico \u00abRu Kiln\u00bb (\u7a91), una antigua tradici\u00f3n china de cer\u00e1mica de alta calidad. Este juego consta de 11 piezas, que incluyen tazas de t\u00e9 y una bandeja con asas.<\/p>\n","protected":false},"featured_media":1048,"comment_status":"open","ping_status":"closed","template":"","meta":[],"product_brand":[],"product_cat":[42,45,48],"product_tag":[43,53,49,52],"class_list":{"0":"post-748","1":"product","2":"type-product","3":"status-publish","4":"has-post-thumbnail","6":"product_cat-caja-de-regalo","7":"product_cat-ceremonia-de-te","8":"product_cat-tazas-de-te-ceremonia-de-te","9":"product_tag-caja-de-regalo","10":"product_tag-ceremonia-de-te","11":"product_tag-taza-de-te","12":"product_tag-tetera","14":"first","15":"instock","16":"shipping-taxable","17":"purchasable","18":"product-type-simple"},"jetpack_sharing_enabled":true,"_links":{"self":[{"href":"https:\/\/theteahousestore.com\/index.php\/wp-json\/wp\/v2\/product\/748","targetHints":{"allow":["GET"]}}],"collection":[{"href":"https:\/\/theteahousestore.com\/index.php\/wp-json\/wp\/v2\/product"}],"about":[{"href":"https:\/\/theteahousestore.com\/index.php\/wp-json\/wp\/v2\/types\/product"}],"replies":[{"embeddable":true,"href":"https:\/\/theteahousestore.com\/index.php\/wp-json\/wp\/v2\/comments?post=748"}],"wp:featuredmedia":[{"embeddable":true,"href":"https:\/\/theteahousestore.com\/index.php\/wp-json\/wp\/v2\/media\/1048"}],"wp:attachment":[{"href":"https:\/\/theteahousestore.com\/index.php\/wp-json\/wp\/v2\/media?parent=748"}],"wp:term":[{"taxonomy":"product_brand","embeddable":true,"href":"https:\/\/theteahousestore.com\/index.php\/wp-json\/wp\/v2\/product_brand?post=748"},{"taxonomy":"product_cat","embeddable":true,"href":"https:\/\/theteahousestore.com\/index.php\/wp-json\/wp\/v2\/product_cat?post=748"},{"taxonomy":"product_tag","embeddable":true,"href":"https:\/\/theteahousestore.com\/index.php\/wp-json\/wp\/v2\/product_tag?post=748"}],"curies":[{"name":"wp","href":"https:\/\/api.w.org\/{rel}","templated":true}]}}