{"id":745,"date":"2023-07-27T11:54:00","date_gmt":"2023-07-27T09:54:00","guid":{"rendered":"https:\/\/theteahousestore.com\/?post_type=product&#038;p=745"},"modified":"2023-08-02T17:52:23","modified_gmt":"2023-08-02T15:52:23","slug":"tetera-con-7tazas-ceramicas","status":"publish","type":"product","link":"https:\/\/theteahousestore.com\/index.php\/product\/tetera-con-7tazas-ceramicas\/","title":{"rendered":"TETERA CON 7TAZAS CERAMICAS 10\u5934\u98ce\u683c\u58f6\u7ec4"},"content":{"rendered":"<p>una colecci\u00f3n de tetera y siete tazas de t\u00e9 de cer\u00e1mica en un estilo espec\u00edfico.<\/p>\n","protected":false},"excerpt":{"rendered":"<p>una colecci\u00f3n de tetera y siete tazas de t\u00e9 de cer\u00e1mica en un estilo espec\u00edfico.<\/p>\n","protected":false},"featured_media":746,"comment_status":"open","ping_status":"closed","template":"","meta":[],"product_brand":[],"product_cat":[42,45,48],"product_tag":[43,53,49],"class_list":{"0":"post-745","1":"product","2":"type-product","3":"status-publish","4":"has-post-thumbnail","6":"product_cat-caja-de-regalo","7":"product_cat-ceremonia-de-te","8":"product_cat-tazas-de-te-ceremonia-de-te","9":"product_tag-caja-de-regalo","10":"product_tag-ceremonia-de-te","11":"product_tag-taza-de-te","13":"first","14":"instock","15":"shipping-taxable","16":"purchasable","17":"product-type-simple"},"jetpack_sharing_enabled":true,"_links":{"self":[{"href":"https:\/\/theteahousestore.com\/index.php\/wp-json\/wp\/v2\/product\/745","targetHints":{"allow":["GET"]}}],"collection":[{"href":"https:\/\/theteahousestore.com\/index.php\/wp-json\/wp\/v2\/product"}],"about":[{"href":"https:\/\/theteahousestore.com\/index.php\/wp-json\/wp\/v2\/types\/product"}],"replies":[{"embeddable":true,"href":"https:\/\/theteahousestore.com\/index.php\/wp-json\/wp\/v2\/comments?post=745"}],"wp:featuredmedia":[{"embeddable":true,"href":"https:\/\/theteahousestore.com\/index.php\/wp-json\/wp\/v2\/media\/746"}],"wp:attachment":[{"href":"https:\/\/theteahousestore.com\/index.php\/wp-json\/wp\/v2\/media?parent=745"}],"wp:term":[{"taxonomy":"product_brand","embeddable":true,"href":"https:\/\/theteahousestore.com\/index.php\/wp-json\/wp\/v2\/product_brand?post=745"},{"taxonomy":"product_cat","embeddable":true,"href":"https:\/\/theteahousestore.com\/index.php\/wp-json\/wp\/v2\/product_cat?post=745"},{"taxonomy":"product_tag","embeddable":true,"href":"https:\/\/theteahousestore.com\/index.php\/wp-json\/wp\/v2\/product_tag?post=745"}],"curies":[{"name":"wp","href":"https:\/\/api.w.org\/{rel}","templated":true}]}}