{"id":742,"date":"2023-07-27T11:43:37","date_gmt":"2023-07-27T09:43:37","guid":{"rendered":"https:\/\/theteahousestore.com\/?post_type=product&#038;p=742"},"modified":"2023-07-27T16:38:49","modified_gmt":"2023-07-27T14:38:49","slug":"tazas-de-te-esmaltadas-6u","status":"publish","type":"product","link":"https:\/\/theteahousestore.com\/index.php\/product\/tazas-de-te-esmaltadas-6u\/","title":{"rendered":"TAZAS DE T\u00c9 ESMALTADAS 6U \u73d0\u7405\u5f69\u6273\u6307\u676f\u516d\u4ef6\u5957"},"content":{"rendered":"<p>Las \u00abTazas de t\u00e9 esmaltadas 6U \u73d0\u7405\u5f69\u6273\u6307\u676f\u516d\u4ef6\u5957\u00bb son un conjunto de seis tazas de t\u00e9 esmaltadas y decoradas con dise\u00f1os de esmalte de colores llamativos. Estas tazas est\u00e1n dise\u00f1adas para ser utilizadas en la ceremonia del t\u00e9 o para disfrutar del t\u00e9 en ocasiones especiales.<\/p>\n","protected":false},"excerpt":{"rendered":"<p>Las \u00abTazas de t\u00e9 esmaltadas 6U \u73d0\u7405\u5f69\u6273\u6307\u676f\u516d\u4ef6\u5957\u00bb son un conjunto de seis tazas de t\u00e9 esmaltadas y decoradas con dise\u00f1os de esmalte de colores llamativos. Estas tazas est\u00e1n dise\u00f1adas para ser utilizadas en la ceremonia del t\u00e9 o para disfrutar del t\u00e9 en ocasiones especiales.<\/p>\n","protected":false},"featured_media":743,"comment_status":"open","ping_status":"closed","template":"","meta":[],"product_brand":[],"product_cat":[42,45,48],"product_tag":[53,54,49],"class_list":{"0":"post-742","1":"product","2":"type-product","3":"status-publish","4":"has-post-thumbnail","6":"product_cat-caja-de-regalo","7":"product_cat-ceremonia-de-te","8":"product_cat-tazas-de-te-ceremonia-de-te","9":"product_tag-ceremonia-de-te","10":"product_tag-juego-de-te","11":"product_tag-taza-de-te","13":"first","14":"instock","15":"shipping-taxable","16":"purchasable","17":"product-type-simple"},"jetpack_sharing_enabled":true,"_links":{"self":[{"href":"https:\/\/theteahousestore.com\/index.php\/wp-json\/wp\/v2\/product\/742","targetHints":{"allow":["GET"]}}],"collection":[{"href":"https:\/\/theteahousestore.com\/index.php\/wp-json\/wp\/v2\/product"}],"about":[{"href":"https:\/\/theteahousestore.com\/index.php\/wp-json\/wp\/v2\/types\/product"}],"replies":[{"embeddable":true,"href":"https:\/\/theteahousestore.com\/index.php\/wp-json\/wp\/v2\/comments?post=742"}],"wp:featuredmedia":[{"embeddable":true,"href":"https:\/\/theteahousestore.com\/index.php\/wp-json\/wp\/v2\/media\/743"}],"wp:attachment":[{"href":"https:\/\/theteahousestore.com\/index.php\/wp-json\/wp\/v2\/media?parent=742"}],"wp:term":[{"taxonomy":"product_brand","embeddable":true,"href":"https:\/\/theteahousestore.com\/index.php\/wp-json\/wp\/v2\/product_brand?post=742"},{"taxonomy":"product_cat","embeddable":true,"href":"https:\/\/theteahousestore.com\/index.php\/wp-json\/wp\/v2\/product_cat?post=742"},{"taxonomy":"product_tag","embeddable":true,"href":"https:\/\/theteahousestore.com\/index.php\/wp-json\/wp\/v2\/product_tag?post=742"}],"curies":[{"name":"wp","href":"https:\/\/api.w.org\/{rel}","templated":true}]}}