{"id":735,"date":"2023-07-26T18:08:36","date_gmt":"2023-07-26T16:08:36","guid":{"rendered":"https:\/\/theteahousestore.com\/?post_type=product&#038;p=735"},"modified":"2024-05-23T11:04:47","modified_gmt":"2024-05-23T09:04:47","slug":"pu-erh-con-piel-de-mandarina","status":"publish","type":"product","link":"https:\/\/theteahousestore.com\/index.php\/product\/pu-erh-con-piel-de-mandarina\/","title":{"rendered":"PU-ERH CON PIEL DE MANDARINA \u65b0\u4f1a\u5c0f\u9752\u67d1\u9648\u76ae"},"content":{"rendered":"<p>Esta especial combinaci\u00f3n de t\u00e9 es un ejemplo de c\u00f3mo los ingredientes pueden mezclarse para crear sabores \u00fanicos y atractivos. Representa una parte importante de la rica cultura del t\u00e9 en China y es una opci\u00f3n interesante para aquellos que buscan explorar diferentes variedades de t\u00e9 y experimentar nuevas sensaciones gustativas.<\/p>\n","protected":false},"excerpt":{"rendered":"<p>Esta especial combinaci\u00f3n de t\u00e9 es un ejemplo de c\u00f3mo los ingredientes pueden mezclarse para crear sabores \u00fanicos y atractivos. Representa una parte importante de la rica cultura del t\u00e9 en China y es una opci\u00f3n interesante para aquellos que buscan explorar diferentes variedades de t\u00e9 y experimentar nuevas sensaciones gustativas.<\/p>\n","protected":false},"featured_media":736,"comment_status":"open","ping_status":"closed","template":"","meta":[],"product_brand":[],"product_cat":[42,34,36],"product_tag":[43,23],"class_list":{"0":"post-735","1":"product","2":"type-product","3":"status-publish","4":"has-post-thumbnail","6":"product_cat-caja-de-regalo","7":"product_cat-te","8":"product_cat-te-pu-erh","9":"product_tag-caja-de-regalo","10":"product_tag-te","12":"first","13":"instock","14":"shipping-taxable","15":"purchasable","16":"product-type-simple"},"jetpack_sharing_enabled":true,"_links":{"self":[{"href":"https:\/\/theteahousestore.com\/index.php\/wp-json\/wp\/v2\/product\/735","targetHints":{"allow":["GET"]}}],"collection":[{"href":"https:\/\/theteahousestore.com\/index.php\/wp-json\/wp\/v2\/product"}],"about":[{"href":"https:\/\/theteahousestore.com\/index.php\/wp-json\/wp\/v2\/types\/product"}],"replies":[{"embeddable":true,"href":"https:\/\/theteahousestore.com\/index.php\/wp-json\/wp\/v2\/comments?post=735"}],"wp:featuredmedia":[{"embeddable":true,"href":"https:\/\/theteahousestore.com\/index.php\/wp-json\/wp\/v2\/media\/736"}],"wp:attachment":[{"href":"https:\/\/theteahousestore.com\/index.php\/wp-json\/wp\/v2\/media?parent=735"}],"wp:term":[{"taxonomy":"product_brand","embeddable":true,"href":"https:\/\/theteahousestore.com\/index.php\/wp-json\/wp\/v2\/product_brand?post=735"},{"taxonomy":"product_cat","embeddable":true,"href":"https:\/\/theteahousestore.com\/index.php\/wp-json\/wp\/v2\/product_cat?post=735"},{"taxonomy":"product_tag","embeddable":true,"href":"https:\/\/theteahousestore.com\/index.php\/wp-json\/wp\/v2\/product_tag?post=735"}],"curies":[{"name":"wp","href":"https:\/\/api.w.org\/{rel}","templated":true}]}}