{"id":732,"date":"2023-07-26T17:23:22","date_gmt":"2023-07-26T15:23:22","guid":{"rendered":"https:\/\/theteahousestore.com\/?post_type=product&#038;p=732"},"modified":"2023-07-26T18:19:03","modified_gmt":"2023-07-26T16:19:03","slug":"tie-guanyin-de-anxi","status":"publish","type":"product","link":"https:\/\/theteahousestore.com\/index.php\/product\/tie-guanyin-de-anxi\/","title":{"rendered":"TIE GUANYIN DE ANXI \u5b89\u6eaa\u94c1\u89c2\u97f3"},"content":{"rendered":"<p>es un famoso t\u00e9 oolong originario de la regi\u00f3n de Anxi, en la provincia de Fujian, China. Este t\u00e9 es conocido por su sabor floral y suave, y su nombre, \u00ab\u94c1\u89c2\u97f3\u00bb en chino, se traduce como \u00abDiosa de Hierro del Misericordioso O\u00eddo\u00bb.<\/p>\n","protected":false},"excerpt":{"rendered":"<p>es un famoso t\u00e9 oolong originario de la regi\u00f3n de Anxi, en la provincia de Fujian, China. Este t\u00e9 es conocido por su sabor floral y suave, y su nombre, \u00ab\u94c1\u89c2\u97f3\u00bb en chino, se traduce como \u00abDiosa de Hierro del Misericordioso O\u00eddo\u00bb.<\/p>\n","protected":false},"featured_media":733,"comment_status":"open","ping_status":"closed","template":"","meta":[],"product_brand":[],"product_cat":[42,34],"product_tag":[43,23],"class_list":{"0":"post-732","1":"product","2":"type-product","3":"status-publish","4":"has-post-thumbnail","6":"product_cat-caja-de-regalo","7":"product_cat-te","8":"product_tag-caja-de-regalo","9":"product_tag-te","11":"first","12":"instock","13":"shipping-taxable","14":"purchasable","15":"product-type-simple"},"jetpack_sharing_enabled":true,"_links":{"self":[{"href":"https:\/\/theteahousestore.com\/index.php\/wp-json\/wp\/v2\/product\/732","targetHints":{"allow":["GET"]}}],"collection":[{"href":"https:\/\/theteahousestore.com\/index.php\/wp-json\/wp\/v2\/product"}],"about":[{"href":"https:\/\/theteahousestore.com\/index.php\/wp-json\/wp\/v2\/types\/product"}],"replies":[{"embeddable":true,"href":"https:\/\/theteahousestore.com\/index.php\/wp-json\/wp\/v2\/comments?post=732"}],"wp:featuredmedia":[{"embeddable":true,"href":"https:\/\/theteahousestore.com\/index.php\/wp-json\/wp\/v2\/media\/733"}],"wp:attachment":[{"href":"https:\/\/theteahousestore.com\/index.php\/wp-json\/wp\/v2\/media?parent=732"}],"wp:term":[{"taxonomy":"product_brand","embeddable":true,"href":"https:\/\/theteahousestore.com\/index.php\/wp-json\/wp\/v2\/product_brand?post=732"},{"taxonomy":"product_cat","embeddable":true,"href":"https:\/\/theteahousestore.com\/index.php\/wp-json\/wp\/v2\/product_cat?post=732"},{"taxonomy":"product_tag","embeddable":true,"href":"https:\/\/theteahousestore.com\/index.php\/wp-json\/wp\/v2\/product_tag?post=732"}],"curies":[{"name":"wp","href":"https:\/\/api.w.org\/{rel}","templated":true}]}}